{"id":961,"date":"2017-02-13T16:45:38","date_gmt":"2017-02-13T15:45:38","guid":{"rendered":"http:\/\/inteacosmetics.com\/es\/?page_id=961"},"modified":"2018-05-30T17:32:12","modified_gmt":"2018-05-30T15:32:12","slug":"aviso-legal","status":"publish","type":"page","link":"https:\/\/www.inteacosmetics.com\/es\/aviso-legal\/","title":{"rendered":"Aviso Legal"},"content":{"rendered":"<p>Este documento constituye el Aviso Legal y las Condiciones de Uso que regulan la navegaci\u00f3n y uso de la web de <span style=\"font-size: small;\">DUARTE Y BELTR\u00c1N, S.A.<\/span>, ubicada en la URL www.inteacosmetics.com (en adelante, sitio web).<\/p>\n<p>El titular del sitio web, es <span style=\"font-size: small;\">DUARTE Y BELTR\u00c1N, S.A. <\/span> (en adelante, INTEA), provista de NIF n\u00ba <span class=\"st\">A39016589<\/span>, con domicilio social en la calle de la prensa n\u00ba 1, 39012- Santander. Espa\u00f1a<\/p>\n<p>Para contactar con INTEA el usuario puede hacerlo a trav\u00e9s de la direcci\u00f3n de correo electr\u00f3nico consultas@inteacosmetics.com, a trav\u00e9s de los formularios de la pesta\u00f1a de \u201ccontacto\u201d del sitio web o dirigiendo escrito por correo ordinario al domicilio profesional reflejado en el presente Aviso Legal.<\/p>\n<p>Si el usuario env\u00eda informaci\u00f3n de cualquier tipo a trav\u00e9s de dichos canales de comunicaci\u00f3n, el usuario se compromete a que dicha informaci\u00f3n no infrinja ning\u00fan derecho de imagen, honor e intimidad, propiedad intelectual y\/o industrial, secreto comercial o profesional, y\/o cualesquiera otros derechos, de terceros.<\/p>\n<p>El usuario asume \u00edntegramente la responsabilidad que pudiere derivarse de cualquier comunicaci\u00f3n que env\u00ede incumpliendo el anterior deber y ser\u00e1 el \u00fanico responsable de las manifestaciones falsas o inexactas que realice.<\/p>\n<p>La navegaci\u00f3n y utilizaci\u00f3n de este sitio web implica, por parte del usuario, el conocimiento y aceptaci\u00f3n expresa, sin reservas ni limitaciones, de todos los t\u00e9rminos del presente Aviso Legal y Condiciones de Uso. Si el usuario no estuviera conforme con los mismos, ha de abstenerse de utilizar el mismo.<\/p>\n<p>El usuario se compromete a utilizar el sitio web conforme a la legislaci\u00f3n vigente y al presente Aviso Legal y Condiciones de Uso.<\/p>\n<p>Se entiende por usuario aquella persona que acceda, navegue o utilice el sitio web.<\/p>\n<p>1.- GENERAL.<\/p>\n<p>Las presentes Condiciones regulan el uso del servicio del sitio web que INTEA pone a disposici\u00f3n de los usuarios de Internet.<\/p>\n<p>INTEA se reserva el derecho a modificar la configuraci\u00f3n y contenido del sitio web en cualquier momento, as\u00ed como tambi\u00e9n las condiciones requeridas para su utilizaci\u00f3n, bastando al efecto la inclusi\u00f3n de las nuevas a trav\u00e9s de la pesta\u00f1a \u201cAviso Legal\u201d contenida en el sitio web, conforme lo establecido en el apartado 6 de las presentes Condiciones de Uso, sin que exista obligaci\u00f3n de preavisar o poner en conocimiento al usuario dichas modificaciones.<\/p>\n<p>Aunque INTEA pondr\u00e1 sus mayores esfuerzos en mantener actualizada la informaci\u00f3n contenida en el sitio web, no ofrece garant\u00eda alguna respecto a la exactitud y puesta al d\u00eda de la misma.<\/p>\n<p>La navegaci\u00f3n por el sitio web tiene car\u00e1cter gratuito y no requiere inicialmente registro alguno por parte del usuario.<\/p>\n<p>2.-PROPIEDAD INTELECTUAL, DERECHOS DE IMAGEN Y PROPIEDAD INDUSTRIAL.<\/p>\n<p>El presente sitio web se rige por el ordenamiento jur\u00eddico espa\u00f1ol y la legislaci\u00f3n nacional e internacional sobre propiedad intelectual e industrial.<\/p>\n<p>Todos sus contenidos (a t\u00edtulo enunciativo, que no limitativo: textos, fotograf\u00edas, gr\u00e1ficos, im\u00e1genes, iconos, elementos audiovisuales o sonoros y dise\u00f1o gr\u00e1fico) son propiedad de INTEA.<\/p>\n<p>Todos los derechos de imagen de las personas que aparecen en la web (residentes, empleados, familiares, etc.) han sido formalmente cedidos a INTEA por sus leg\u00edtimos titulares. Dichas im\u00e1genes no podr\u00e1n ser reproducidas, comunicadas p\u00fablicamente, distribuidas o transformadas por cualquier medio <em>online <\/em>u <em>offline <\/em>o cualquier otra modalidad de explotaci\u00f3n sin autorizaci\u00f3n expresa de sus leg\u00edtimos titulares o cesionarios.<\/p>\n<p>En ning\u00fan caso, se entender\u00e1 que el acceso y navegaci\u00f3n del usuario por el sitio web implique renuncia, transmisi\u00f3n, licencia o cesi\u00f3n alguna de los derechos de propiedad intelectual e industrial que ostenta INTEA. El usuario tiene exclusivamente un derecho de uso privado del sitio web.<\/p>\n<p>Las posibles referencias a nombres comerciales y\/o marcas nacionales e internacionales registradas o cualesquiera otros signos distintivos, ya sean titularidad de INTEA o de terceros, llevan impl\u00edcitas la prohibici\u00f3n de uso sin el previo consentimiento expreso de INTEA o de sus leg\u00edtimos titulares. El acceso o utilizaci\u00f3n del sitio web no atribuye derecho alguno al usuario sobre los nombres comerciales, marcas y\/o cualesquiera otros signos distintivos que aparezcan en el mismo.<\/p>\n<p>Copyright<\/p>\n<p>Toda la informaci\u00f3n contenida en esta Web, su dise\u00f1o gr\u00e1fico y el c\u00f3digo de lenguaje HTML, CSS, JAVA, JAVA Script o Active X constituye una obra cuya propiedad intelectual pertenece a INTEA y est\u00e1 protegida, por tanto, por la Ley de Propiedad Intelectual. La reproducci\u00f3n, distribuci\u00f3n, comunicaci\u00f3n p\u00fablica, transformaci\u00f3n, modificaci\u00f3n, cesi\u00f3n, y cualquier otro acto que no haya sido expresamente autorizado por INTEA quedan prohibidos.<\/p>\n<p>3.- EXCLUSI\u00d3N DE RESPONSABILIDAD EN EL USO DE CONTENIDOS.<\/p>\n<p>INTEA no garantiza la fiabilidad, exactitud, adecuaci\u00f3n e idoneidad de los servicios y de la informaci\u00f3n facilitada a trav\u00e9s del sitio web. Los contenidos de este sitio web son de car\u00e1cter general y no constituyen, en modo alguno, la prestaci\u00f3n de un servicio de Agencia de ning\u00fan tipo, por lo que dicha informaci\u00f3n no debe ser en ning\u00fan caso tomada como \u00fanico referente en la toma de decisiones personales o empresariales por parte del usuario, no responsabiliz\u00e1ndose INTEA de las que se tomaren desoyendo esta advertencia, as\u00ed como tampoco de los da\u00f1os y perjuicios que se le ocasionen a terceros por las actuaciones fundamentadas en ellas.<\/p>\n<p>El acceso y utilizaci\u00f3n del sitio web no implica, en ning\u00fan caso, que INTEA responda: de la continuidad de sus contenidos; de la ausencia de errores o de virus o cualquier otro tipo de software da\u00f1ino; de la falta o p\u00e9rdida de rendimiento de los contenidos durante la navegaci\u00f3n por parte del usuario; de los da\u00f1os o perjuicios que el usuario causare a s\u00ed mismo o a un tercero por el incumplimiento de las presentes Condiciones de Uso.<\/p>\n<p>No obstante, INTEA declara que ha adoptado todas las medidas tecnol\u00f3gicas posibles para garantizar el correcto funcionamiento del sitio web. Corresponde en todo caso al usuario la disponibilidad de herramientas adecuadas para la detecci\u00f3n y desinfecci\u00f3n de programas inform\u00e1ticos da\u00f1inos.<\/p>\n<p>Desde el sitio web es posible que se redirija a contenidos de terceros sitios web. Dado que INTEA no puede controlar siempre los contenidos introducidos por los terceros en sus sitios web, \u00e9ste no asume ning\u00fan tipo de responsabilidad respecto a dichos contenidos. En todo caso, manifiesta que proceder\u00e1 a la retirada inmediata de cualquier contenido que pudiera contravenir la legislaci\u00f3n nacional o internacional, la moral o el orden p\u00fablico, procediendo a la retirada inmediata de la redirecci\u00f3n a dicho sitio web, contenido, poniendo en conocimiento de las autoridades competentes el contenido en cuesti\u00f3n.<\/p>\n<p>INTEA no se hace responsable de la informaci\u00f3n, comentarios y contenidos almacenados en sus redes sociales o cualesquiera otros medios que permitan a terceros publicar contenidos de forma independiente en su sitio web.<\/p>\n<p>No obstante y en cumplimiento de lo dispuesto en la normativa vigente, INTEA se pone a disposici\u00f3n de todos los usuarios, autoridades y fuerzas de seguridad colaborando de forma activa en la retirada o en su caso bloqueo de todos aquellos contenidos o comentarios que pudieran afectar o contravenir la legislaci\u00f3n nacional, o internacional, derechos de terceros o la moral y el orden p\u00fablico.<\/p>\n<p>En caso de que el usuario considere que existe en el sitio web alg\u00fan contenido o comentario que pudiera ser susceptible de esta clasificaci\u00f3n, se ruega lo notifique de forma inmediata a INTEA bien por correo electr\u00f3nico en la direcci\u00f3n consultas@inteacosmetics.com o dirigiendo escrito por correo ordinario a su domicilio social.<\/p>\n<p>4.-ENLACES A OTROS SITIOS WEB.<\/p>\n<p>En el sitio web se puede ofrecer al usuario la posibilidad de pinchar enlaces a otras p\u00e1ginas web, que no son en ning\u00fan caso gestionados por INTEA, si no por sus leg\u00edtimos titulares. INTEA no responder\u00e1 en ning\u00fan caso del contenido de la informaci\u00f3n enlazada en los mismos a trav\u00e9s de links, as\u00ed como tampoco su correcto funcionamiento y fiabilidad.<\/p>\n<p>Si el usuario tuviere conocimiento de la existencia de alg\u00fan contenido contrario a la Ley o que infrinja posibles derechos de propiedad intelectual y\/o industrial, deber\u00e1 notificarlo inmediatamente a INTEA bien por correo electr\u00f3nico en la direcci\u00f3n consultas@inteacosmetics.com o dirigiendo escrito por correo ordinario a su domicilio profesional, con el fin de que se adopten las medidas necesarias para proceder a deshabilitar su enlace.<\/p>\n<p>INTEA no puede controlar ni conocer todas las p\u00e1ginas web que tengan enlace con su sitio web, por ello, INTEA no se responsabiliza de su correcto funcionamiento y fiabilidad.<\/p>\n<p>Se proh\u00edbe el uso de marcos, redireccionamientos o cualquier otra actividad que suponga ocultar el origen de la informaci\u00f3n.<\/p>\n<p>5.-COOKIES.<\/p>\n<p>El acceso al sitio web puede implicar la utilizaci\u00f3n de cookies, que son peque\u00f1as cantidades de informaci\u00f3n que se almacenan en el navegador utilizado por cada usuario para que el servidor recuerde cierta informaci\u00f3n que posteriormente pueda utilizar. Esta informaci\u00f3n permite identificar al usuario como un usuario concreto y permite guardar sus preferencias personales e informaci\u00f3n t\u00e9cnica como, por ejemplo, las p\u00e1ginas concretas que visita.<\/p>\n<p>Las cookies utilizadas podr\u00edan ser de dos tipos:<\/p>\n<p>Cookies de sesi\u00f3n, que no se almacenan en el equipo del usuario pero se necesitan durante cada sesi\u00f3n de uso en cada servicio web, ya que son imprescindibles para el correcto funcionamiento del servicio.<\/p>\n<p>Cookies almacenadas temporalmente en el equipo del usuario, que se utilizan para realizar estudios estad\u00edsticos an\u00f3nimos y agregados del uso que los usuarios hacen del servicio, para poder hacer futuras mejoras y optimizaciones.<\/p>\n<p>Aquellos usuarios que no deseen recibir cookies pueden configurar su navegador con esta opci\u00f3n. Debe recordarse que, en ocasiones, la no aceptaci\u00f3n de la cookie puede suponer la imposibilidad de acceder, en todo o parte, a la disponibilidad del servicio. El usuario debe consultar las instrucciones y manuales de su navegador para ampliar esta informaci\u00f3n.<\/p>\n<p>El usuario debe tener en cuenta que Internet no es un lugar completamente seguro y que, por tanto, ha de adoptar las medidas necesarias para evitar que sus datos personales sean conocidos por terceros no autorizados que pudieran hacer un uso inadecuado de los mismos.<\/p>\n<p>El usuario debe saber que acceder y navegar por el sitio web, implica que la informaci\u00f3n reflejada en este Aviso Legal ha sido le\u00edda y aceptada expresamente y que, en consecuencia, otorga su consentimiento inequ\u00edvoco y expreso al tratamiento de sus datos personales para dicha finalidad.<\/p>\n<p>Puede consultar en profundidad el tipo de cookies que se instalan en la actualidad, el proveedor y finalidad de las mismas en nuestra POL\u00cdTICA DE COOKIES.<\/p>\n<p>6.- VIGENCIA Y MODIFICACI\u00d3N.<\/p>\n<p>INTEA podr\u00e1 modificar los t\u00e9rminos y condiciones aqu\u00ed estipuladas, total o parcialmente, en cualquier momento, bastando para su publicaci\u00f3n ponerlas a disposici\u00f3n del usuario a trav\u00e9s de la pesta\u00f1a \u201cAviso Legal\u201d contenida en el sitio web, sin que exista obligaci\u00f3n de preavisar o poner en conocimiento al usuario de dichas modificaciones.<\/p>\n<p>La vigencia de este Aviso Legal ser\u00e1 la misma que la duraci\u00f3n de su publicaci\u00f3n en el sitio web, hasta que sea modificado total o parcialmente, momento en el cual tendr\u00e1 vigencia el nuevo Aviso Legal modificado.<\/p>\n<p>Con independencia de lo dispuesto en este Aviso Legal, INTEA podr\u00e1 finalizar, suspender o interrumpir, en cualquier momento y sin necesidad de previo aviso, el acceso a los contenidos del sitio web, sin posibilidad por parte del usuario de exigir indemnizaci\u00f3n alguna por ello.<\/p>\n<p>7.- FORMULARIOS Y CORREO ELECTR\u00d3NICO DE CONTACTO.<\/p>\n<p>Se permite al usuario el env\u00edo no cifrado de sus datos personales a trav\u00e9s del correo electr\u00f3nico de contacto y a trav\u00e9s de los formularios \u201cInformaci\u00f3n\u201d y \u201cTrabaja con nosotros\u201d del sitio web. Los datos personales recogidos a trav\u00e9s de los mismos ser\u00e1n incorporados a los correspondientes ficheros titularidad de INTEA, debidamente inscritos en el Registro General de la Agencia Espa\u00f1ola de Protecci\u00f3n de Datos, en cumplimiento de lo estipulado en la vigente legislaci\u00f3n sobre Protecci\u00f3n de Datos de Car\u00e1cter Personal. Las finalidades aparecen reflejadas en la POL\u00cdTICA DE PRIVACIDAD de la web. Para ello, los responsables de este servicio se pondr\u00e1n en contacto con el usuario a trav\u00e9s de un correo electr\u00f3nico, una comunicaci\u00f3n telef\u00f3nica o bien a trav\u00e9s del correo ordinario.<\/p>\n<p>El usuario debe saber que al enviar el correo electr\u00f3nico y enviar sus datos de contacto, implica que la informaci\u00f3n reflejada en este Aviso Legal ha sido le\u00edda y aceptada expresamente y que, en consecuencia, otorga su consentimiento inequ\u00edvoco y expreso al tratamiento de sus datos personales para la finalidad que proceda.<\/p>\n<p>8.- CONFIDENCIALIDAD<\/p>\n<p>Cualquier tipo de informaci\u00f3n que sea enviada a INTEA ser\u00e1 tratada con absoluta confidencialidad y reserva. S\u00f3lo en caso de que los Tribunales y Autoridades Competentes requieran el acceso a dicha informaci\u00f3n confidencial, se proporcionar\u00e1 conforme a lo que exija la Ley.<\/p>\n<p>INTEA no utilizar\u00e1, en beneficio propio o ajeno, cualquier informaci\u00f3n que le sea proporcionada por el usuario.<\/p>\n<p>9.- GOOGLE ANALYTICS<\/p>\n<p>Este sitio web utiliza Google Analytics, un servicio anal\u00edtico de web prestado por Google, Inc., una compa\u00f1\u00eda de Delaware con sede en el 1600 Amphitheatre Parkway, de Mountain View (California), CA 94043, Estados Unidos (en adelante, Google). Google utiliza cookies (archivos de texto ubicados en su ordenador), para ayudar al sitio web a analizar el uso que hacen los usuarios del mismo.\u2028La informaci\u00f3n que a tal efecto genera la cookie (incluyendo su direcci\u00f3n IP) ser\u00e1 directamente transmitida y archivada por Google en los servidores de Estados Unidos. Google utilizar\u00e1 esta informaci\u00f3n por cuenta de INTEA con el fin de hacer un seguimiento del uso del sitio web, recopilando informes sobre su actividad y uso de Internet. Google podr\u00e1 transmitir dicha informaci\u00f3n a terceros cuando as\u00ed se lo exija la Ley, o cuando dichos terceros procesen la informaci\u00f3n por cuenta de Google. Google no asociar\u00e1 la direcci\u00f3n IP del usuario con ning\u00fan otro dato del que disponga Google. El usuario puede rechazar en cualquier momento el tratamiento de tales datos rechazando el uso de cookies en la configuraci\u00f3n de su navegador, pudiendo en este caso no tener acceso funcional pleno al sitio web. Al utilizar este sitio web, el usuario consiente que Google trate informaci\u00f3n suya en los t\u00e9rminos anteriormente indicados.<\/p>\n<p>10.- RESOLUCI\u00d3N DE CONTROVERSIAS<\/p>\n<p>Para cualquier controversia, discrepancia, aplicaci\u00f3n o interpretaci\u00f3n de las presentes Condiciones de Uso, tanto INTEA como el usuario, acuerdan someterse a la decisi\u00f3n del conflicto mediante arbitraje, designando a tal efecto el Ilustre Colegio de Abogados de Madrid como organismo colegiado mediador. El arbitraje ser\u00e1 de equidad y se realizar\u00e1 de acuerdo con el procedimiento establecido en la Ley 60\/2003, de 23 de diciembre, de Arbitraje. Ambas partes se obligan a aceptar y cumplir la decisi\u00f3n contenida en el laudo arbitral, dictado seg\u00fan lo que se establece en la mencionada disposici\u00f3n legal. En caso de que el arbitraje no llegara a realizarse por mutuo acuerdo o fuera declarado nulo, tanto INTEA como el usuario aceptan someterse a la Ley espa\u00f1ola y a los Juzgados y Tribunales del partido judicial de Santander capital, con renuncia expresa a cualquier otro fuero que pudiera corresponderles.<\/p>\n<p>E-mail:<a href=\"mailto:consultas@inteacosmetics.com\">consultas@inteacosmetics.com<\/a><\/p>\n<p>&nbsp;<\/p>\n","protected":false},"excerpt":{"rendered":"<p>Este documento constituye el Aviso Legal y las Condiciones de Uso que regulan la navegaci\u00f3n y uso de la web de DUARTE Y BELTR\u00c1N, S.A., ubicada en la URL www.inteacosmetics.com (en adelante, sitio web). El titular del sitio web, es DUARTE Y BELTR\u00c1N, S.A. (en adelante, INTEA), provista de NIF n\u00ba A39016589, con domicilio social&#8230;<\/p>\n","protected":false},"author":2,"featured_media":0,"parent":0,"menu_order":0,"comment_status":"closed","ping_status":"closed","template":"","meta":{"_monsterinsights_skip_tracking":false,"_monsterinsights_sitenote_active":false,"_monsterinsights_sitenote_note":"","_monsterinsights_sitenote_category":0,"_uf_show_specific_survey":0,"_uf_disable_surveys":false,"footnotes":""},"class_list":["post-961","page","type-page","status-publish","hentry"],"aioseo_notices":[],"_links":{"self":[{"href":"https:\/\/www.inteacosmetics.com\/es\/wp-json\/wp\/v2\/pages\/961","targetHints":{"allow":["GET"]}}],"collection":[{"href":"https:\/\/www.inteacosmetics.com\/es\/wp-json\/wp\/v2\/pages"}],"about":[{"href":"https:\/\/www.inteacosmetics.com\/es\/wp-json\/wp\/v2\/types\/page"}],"author":[{"embeddable":true,"href":"https:\/\/www.inteacosmetics.com\/es\/wp-json\/wp\/v2\/users\/2"}],"replies":[{"embeddable":true,"href":"https:\/\/www.inteacosmetics.com\/es\/wp-json\/wp\/v2\/comments?post=961"}],"version-history":[{"count":8,"href":"https:\/\/www.inteacosmetics.com\/es\/wp-json\/wp\/v2\/pages\/961\/revisions"}],"predecessor-version":[{"id":1182,"href":"https:\/\/www.inteacosmetics.com\/es\/wp-json\/wp\/v2\/pages\/961\/revisions\/1182"}],"wp:attachment":[{"href":"https:\/\/www.inteacosmetics.com\/es\/wp-json\/wp\/v2\/media?parent=961"}],"curies":[{"name":"wp","href":"https:\/\/api.w.org\/{rel}","templated":true}]}}