{"id":888,"date":"2017-02-01T18:52:31","date_gmt":"2017-02-01T17:52:31","guid":{"rendered":"http:\/\/inteacosmetics.com\/es\/?page_id=888"},"modified":"2021-11-23T12:56:12","modified_gmt":"2021-11-23T11:56:12","slug":"internacional","status":"publish","type":"page","link":"https:\/\/www.inteacosmetics.com\/es\/internacional\/","title":{"rendered":"Internacional"},"content":{"rendered":"<div style=\"padding-left: 30px;\"><img loading=\"lazy\" decoding=\"async\" class=\"alignleft wp-image-464 size-full\" src=\"https:\/\/www.inteacosmetics.com\/es\/wp-content\/uploads\/2016\/05\/produtos-intea-onde-encontrar-.jpg\" alt=\"Pontos de venda produtos Intea\" width=\"1555\" height=\"1037\" srcset=\"https:\/\/www.inteacosmetics.com\/es\/wp-content\/uploads\/2016\/05\/produtos-intea-onde-encontrar-.jpg 1555w, https:\/\/www.inteacosmetics.com\/es\/wp-content\/uploads\/2016\/05\/produtos-intea-onde-encontrar--300x200.jpg 300w, https:\/\/www.inteacosmetics.com\/es\/wp-content\/uploads\/2016\/05\/produtos-intea-onde-encontrar--768x512.jpg 768w, https:\/\/www.inteacosmetics.com\/es\/wp-content\/uploads\/2016\/05\/produtos-intea-onde-encontrar--1024x683.jpg 1024w, https:\/\/www.inteacosmetics.com\/es\/wp-content\/uploads\/2016\/05\/produtos-intea-onde-encontrar--150x100.jpg 150w\" sizes=\"auto, (max-width: 1555px) 100vw, 1555px\" \/>En la actualidad la empresa se encuentra en cont\u00ednua expanasi\u00f3n intentando llegar a todas las zonas del mundo donde nuestros clientes demandan nuestros productos.<\/div>\n<p style=\"padding-left: 30px;\">INTEA EN EL MUNDO.<\/p>\n<div style=\"padding-left: 30px;\">\n<p style=\"padding-left: 30px;\">MANAGER EXPORTACION<\/p>\n<p style=\"padding-left: 30px;\">Alejandro Vazquez. <a href=\"mailto:avazquez@inteacosmetics.com\">avazquez@inteacosmetics.com<\/a><br \/>\nTel.: +34 942034040<\/p>\n<p style=\"padding-left: 30px;\">M\u00f3vil: +34 605274687<\/p>\n<\/div>\n<p style=\"padding-left: 30px;\">PORTUGAL<br \/>\nCrefar Representa\u00e7\u00f5es, LDA<br \/>\nRua da Madalena, 171-2<br \/>\nTel.: +351 218824691 <a href=\"mailto:mail@crefar.pt\">mail@crefar.pt <\/a><\/p>\n<p style=\"padding-left: 30px;\">REP. POPULAR CHINA<br \/>\nNINGBO FUBANG E-COMMERCE DEVELOPMENT CO., LTD<br \/>\nROOM 802, #1 BLDG YINCHEN INTERNATIONAL, NO. 668 JINGJIA ROAD, NINGBO, ZHEJIANG, P.R.C.<\/p>\n<p style=\"padding-left: 30px;\">Alejandro Vazquez. <a href=\"mailto:avazquez@inteacosmetics.com\">avazquez@inteacosmetics.com<\/a><\/p>\n<p style=\"padding-left: 30px;\">BRASIL<br \/>\nAuribrasil Importa\u00e7\u00e3o &amp;Exporta\u00e7ao Lda<br \/>\nRua H N\u00ba 737 Distrito Industrial<br \/>\n78.098.340 Cuiab\u00e1 (MT)\u00a0Brasil<\/p>\n<p style=\"padding-left: 30px;\">Contacto:<br \/>\nKaio Assagra. <a href=\"mailto:financeiro@inteabrasil.com.br\">financeiro@inteabrasil.com.br <\/a><\/p>\n<p style=\"padding-left: 30px;\">Tel.: 55-6530277831<\/p>\n<p style=\"padding-left: 30px;\">Filial Sao Paulo<br \/>\nAvenida Andr\u00f4meda, n\u00ba 885, Green Valley Empresarial, cj. 2.921 \u2013 29\u00ba andar,<br \/>\nEdif\u00edcio Brascan Century Plaza, Alphaville, Cep \u2013 06541-005\u00a0 Barueri, Estado de S\u00e3o Paulo,(SP)<\/p>\n<p style=\"padding-left: 30px;\">Contacto:<\/p>\n<p style=\"padding-left: 30px;\">Fernando Assagra. <a href=\"mailto:fernando@inteabrasil.com.br\">fernando@inteabrasil.com.br <\/a><\/p>\n<p style=\"padding-left: 30px;\">Tel.: +55 65 96814797<\/p>\n<p style=\"padding-left: 30px;\">ESTADOS UNIDOS<br \/>\nYELIANA BEAUTY. Miami<\/p>\n<p style=\"padding-left: 30px;\">Contactos:<br \/>\nAlejandro Vazquez. <a href=\"mailto:avazquez@inteacosmetics.com\">avazquez@inteacosmetics.com<\/a><br \/>\nYeliana Taricani. <a href=\"mailto:yelianabeauty@gmail.com\">yelianabeauty@gmail.com<\/a><\/p>\n<p style=\"padding-left: 30px;\">KUWAIT Y EMIRATOS ARABES UNIDOS<br \/>\nAjjw\u00bba General Trading &amp; Contracting (Est.)<br \/>\nAddress: AlAwqaf complex mezanine # 131<br \/>\nKuwait City &#8211; KUWAIT. Postcode:13.119<\/p>\n<p style=\"padding-left: 30px;\">Contactos:<br \/>\nSaud A. Al-Babtain. <a href=\"mailto:salbabtain@ajjwa.com\">salbabtain@ajjwa.com<\/a><br \/>\nYousef Al-Babtain. <a href=\" mailto:yalbabtain@ajjwa.com\">yalbabtain@ajjwa.com<\/a><\/p>\n<p style=\"padding-left: 30px;\">AUSTRIA Y CENTROEUROPA<br \/>\nContacto: Marie Falkenauer.<a href=\"mailto:kontakt@inteacosmetics.com\">kontakt@inteacosmetics.com<\/a><br \/>\nTel.: +43650542498<\/p>\n","protected":false},"excerpt":{"rendered":"<p>En la actualidad la empresa se encuentra en cont\u00ednua expanasi\u00f3n intentando llegar a todas las zonas del mundo donde nuestros clientes demandan nuestros productos. INTEA EN EL MUNDO. MANAGER EXPORTACION Alejandro Vazquez. avazquez@inteacosmetics.com Tel.: +34 942034040 M\u00f3vil: +34 605274687 PORTUGAL Crefar Representa\u00e7\u00f5es, LDA Rua da Madalena, 171-2 Tel.: +351 218824691 mail@crefar.pt REP. POPULAR CHINA NINGBO&#8230;<\/p>\n","protected":false},"author":2,"featured_media":0,"parent":0,"menu_order":0,"comment_status":"closed","ping_status":"closed","template":"","meta":{"_monsterinsights_skip_tracking":false,"_monsterinsights_sitenote_active":false,"_monsterinsights_sitenote_note":"","_monsterinsights_sitenote_category":0,"_uf_show_specific_survey":0,"_uf_disable_surveys":false,"footnotes":""},"class_list":["post-888","page","type-page","status-publish","hentry"],"aioseo_notices":[],"_links":{"self":[{"href":"https:\/\/www.inteacosmetics.com\/es\/wp-json\/wp\/v2\/pages\/888","targetHints":{"allow":["GET"]}}],"collection":[{"href":"https:\/\/www.inteacosmetics.com\/es\/wp-json\/wp\/v2\/pages"}],"about":[{"href":"https:\/\/www.inteacosmetics.com\/es\/wp-json\/wp\/v2\/types\/page"}],"author":[{"embeddable":true,"href":"https:\/\/www.inteacosmetics.com\/es\/wp-json\/wp\/v2\/users\/2"}],"replies":[{"embeddable":true,"href":"https:\/\/www.inteacosmetics.com\/es\/wp-json\/wp\/v2\/comments?post=888"}],"version-history":[{"count":11,"href":"https:\/\/www.inteacosmetics.com\/es\/wp-json\/wp\/v2\/pages\/888\/revisions"}],"predecessor-version":[{"id":1571,"href":"https:\/\/www.inteacosmetics.com\/es\/wp-json\/wp\/v2\/pages\/888\/revisions\/1571"}],"wp:attachment":[{"href":"https:\/\/www.inteacosmetics.com\/es\/wp-json\/wp\/v2\/media?parent=888"}],"curies":[{"name":"wp","href":"https:\/\/api.w.org\/{rel}","templated":true}]}}