{"id":716,"date":"2016-10-18T12:54:53","date_gmt":"2016-10-18T10:54:53","guid":{"rendered":"http:\/\/inteacosmetics.com\/es\/?page_id=716"},"modified":"2020-07-01T13:53:42","modified_gmt":"2020-07-01T11:53:42","slug":"faqs","status":"publish","type":"page","link":"https:\/\/www.inteacosmetics.com\/es\/atencion-al-cliente\/faqs\/","title":{"rendered":"FAQ\u00b4S"},"content":{"rendered":"<div class=\"row row-edge \">\n<div class=\"col-md-12 col-xs-offset-0 col-sm-offset-0 col-md-offset-0 col-lg-offset-0 col-xs-pull-0 col-sm-pull-0 col-md-pull-0 col-lg-pull-0 col-xs-push-0 col-sm-push-0 col-md-push-0 col-lg-push-0\">\n<div class=\"row row-edge \"><\/div>\n<div class=\"row row-edge \">&nbsp;<a href=\"http:\/\/inteacosmetics.com\/es\/linea-cabellos-grasos\/attachment\/30\/\"><img loading=\"lazy\" decoding=\"async\" class=\"aligncenter wp-image-937 \" src=\"http:\/\/inteacosmetics.com\/es\/wp-content\/uploads\/2016\/05\/30-1024x683.jpg\" width=\"475\" height=\"317\"><\/a><\/div>\n<div class=\"row row-edge \">\n<div class=\"col-md-12 col-xs-offset-0 col-sm-offset-0 col-md-offset-0 col-lg-offset-0 col-xs-pull-0 col-sm-pull-0 col-md-pull-0 col-lg-pull-0 col-xs-push-0 col-sm-push-0 col-md-push-0 col-lg-push-0\">\n<div class=\"title-box title_box-653\">\n<div class=\"title-box_content\">\n<h2 class=\"title-box_title\">Preguntas frecuentes<\/h2>\n<\/div>\n<\/div>\n<\/div>\n<\/div>\n<\/div>\n<\/div>\n<div class=\"row row-edge \">\n<div class=\"col-md-12 col-xs-offset-0 col-sm-offset-0 col-md-offset-0 col-lg-offset-0 col-xs-pull-0 col-sm-pull-0 col-md-pull-0 col-lg-pull-0 col-xs-push-0 col-sm-push-0 col-md-push-0 col-lg-push-0\">\n<div class=\"row row-edge \">\n<div class=\"col-md-12 col-xs-offset-0 col-sm-offset-0 col-md-offset-0 col-lg-offset-0 col-xs-pull-0 col-sm-pull-0 col-md-pull-0 col-lg-pull-0 col-xs-push-0 col-sm-push-0 col-md-push-0 col-lg-push-0\">\n<div class=\"motopress-text-obj\">\n<p class=\"indent-bot\">Aqu\u00ed puede consultar las principales preguntas que suelen surgir entre nuestros clientes si es la primera vez que van a usar nuestras lociones aclarantes.<\/p>\n<p class=\"indent-bot\">Recomendamos ver nuestros videos tutoriales de modo de empleo. <a href=\"http:\/\/inteacosmetics.com\/es\/modo-de-empleo\/\">Ver videos<\/a><\/p>\n<p>Si no encuentra la respuesta en este apartado, no dude en enviarnos su consulta o ponerse en contacto con nosotros y le atenderemos lo m\u00e1s r\u00e1pido posible.<\/p>\n<p>Esperamos disfrute con nuestros productos.<\/p>\n<p>\u00a1 Muchas gracias por su confianza en Intea\u00ae !<\/p>\n<\/div>\n<\/div>\n<\/div>\n<div class=\"row row-edge \"><\/div>\n<div class=\"row row-edge \">\n<div class=\"col-md-12 col-xs-offset-0 col-sm-offset-0 col-md-offset-0 col-lg-offset-0 col-xs-pull-0 col-sm-pull-0 col-md-pull-0 col-lg-pull-0 col-xs-push-0 col-sm-push-0 col-md-push-0 col-lg-push-0\">\n<div class=\"motopress-text-obj\">\n<p>&nbsp;<\/p>\n<p>1. <em><strong>\u00bfEn qu\u00e9 consisten las lociones aclarantes Camomila Intea\u00ae?<\/strong><\/em><\/p>\n<p>Son una mezcla de extracto de la flor de Manzanilla y principios activos que aclaran progresivamente el cabello.<\/p>\n<p>2. <em><strong>Las lociones aclarantes Camomila Intea\u00ae \u00bfson tintes?<\/strong><\/em><\/p>\n<p>No, son lociones de base vegetal, sin mezclas, de f\u00e1cil aplicaci\u00f3n que no manchan ni dejan residuo.<\/p>\n<p>3. <em><strong>\u00bfContienen amoniaco, tintes qu\u00edmicos o similares?<\/strong><\/em><\/p>\n<p>No.<\/p>\n<p>4. <em><strong>\u00bfContienen agua oxigenada?<\/strong><\/em><\/p>\n<p>S\u00ed, en muy peque\u00f1a cantidad (2 al 4 %) para abrir la fibra capilar y facilitar la absorci\u00f3n de los principios activos del producto.<\/p>\n<p>5. <em><strong>\u00bfTi\u00f1en las canas?<\/strong><\/em><\/p>\n<p>No, pero al aclarar el resto del cabello, las disimula.<\/p>\n<p>6. <em><strong>\u00bfC\u00f3mo act\u00faan?<\/strong><\/em><\/p>\n<p>Act\u00faan aclarando progresivamente los pigmentos naturales del cabello, por ello el color rubio obtenido es permanente y no desaparece con los lavados. Al ser lociones de base vegetal su acci\u00f3n es progresiva y suave. Por ello, dependiendo de la fortaleza y color del cabello original ser\u00e1n necesarias m\u00e1s o menos aplicaciones hasta obtener el rubio deseado. Si es la primera vez que las, usa, es recomendable que haga una prueba aplic\u00e1ndolas en un mech\u00f3n de cabello para comprobar el tono resultante.<\/p>\n<p>7. <em><strong>\u00bfC\u00f3mo se usan?<\/strong><\/em><\/p>\n<p>Como norma general deben usarse en cabellos reci\u00e9n lavados y todav\u00eda h\u00famedos de la siguiente manera: Lave el cabello con champ\u00fa y aclare bien con abundante agua templada. Seque el cabello con una toalla y vaporice la loci\u00f3n Camomila Intea\u00ae sobre el cabello todav\u00eda h\u00famedo procurando repartir uniformemente sobre todo el cabello y sus ra\u00edces, ayud\u00e1ndose a extenderla bien con un peine de pl\u00e1stico. Una vez aplicada, d\u00e9jela actuar al menos 30 minutos y seque el cabello al sol o con un secador. Tambi\u00e9n puede aplicarse sobre cabellos que no han sido lavados previamente, bien sobre el cabello seco o con el cabello humedecido previamente con agua tibia secando el exceso de agua con una toalla.<\/p>\n<div align=\"justify\"><\/div>\n<p>8. <em><strong>\u00bfEs necesario lavar o aclarar con agua el cabello despu\u00e9s de usarla?<\/strong><\/em><\/p>\n<p>No, pero en cabellos con tendencia seca recomendamos hacerlo, siempre dejando actuar el producto al menos 30 minutos.<\/p>\n<p>9. <em><strong>\u00bfPuede usarse una mascarilla despu\u00e9s de aplicar la loci\u00f3n Camomila Intea\u00ae?<\/strong><\/em><\/p>\n<p>S\u00ed, y sobre todo en caso de cabellos secos, pero debe dejarse pasar unos 30-45 minutos para dejar actuar a la Loci\u00f3n. Recomendamos usar la mascarilla de Camomila Intea\u00ae especialmente indicada para cabellos rubios<\/p>\n<p>10. <em><strong>\u00bfPara que tipo de cabellos es recomendable?<\/strong><\/em><\/p>\n<p>En general es recomendable para cabellos cuyo color original est\u00e1 entre el casta\u00f1o medio a rubio oscuro. Es muy \u00fatil para devolver el rubio original a aquellos cabellos que fueron rubios y se han ido oscureciendo con el paso del tiempo. No es recomendable para cabellos cuyo color original sea muy oscuro o negro.<\/p>\n<div align=\"justify\"><\/div>\n<p>11. <em><strong>\u00bfSe puede usar en cabellos te\u00f1idos con tintes qu\u00edmicos?<\/strong><\/em><\/p>\n<p>No sin antes hacer una prueba previa, porque puede producir colores no deseados.<\/p>\n<div align=\"justify\"><\/div>\n<p>12. <em><strong>\u00bfSe pueden te\u00f1ir con tintes qu\u00edmicos los cabellos que hayan sido aclarados con Camomila Intea\u00ae?<\/strong><\/em><\/p>\n<p>S\u00ed, se pueden te\u00f1ir de cualquier color. Recomendamos esperar entre 30-45 d\u00edas despu\u00e9s del uso de las lociones para garantizar as\u00ed que el tinte cubra uniformemente el cabello.<\/p>\n<p>13. <em><strong>\u00bfLos rayos del sol ayudan a aclarar el cabello?<\/strong><\/em><\/p>\n<p>S\u00ed, porque potencian de una manera natural la acci\u00f3n de las lociones aclarantes Camomila Intea\u00ae<\/p>\n<p>14. <em><strong>\u00bfSon compatibles con las Mechas de peluquer\u00eda?<\/strong><\/em><\/p>\n<p>S\u00ed, y adem\u00e1s ayuda a mantenerlas. Y podemos aplicarla sobrela ra\u00edz del cabello nuevo que va saliendo para igualar el tono.<\/p>\n<p>15. <em><strong>\u00bfPuede aplicarse m\u00e1s de una vez al d\u00eda?<\/strong><\/em><\/p>\n<p>No. Tras su primer uso, pueden aplicarse dos o tres veces por semana hasta conseguir el tono deseado, no recomendamos m\u00e1s aplicaciones. Una vez conseguido el tono, una aplicaci\u00f3n semanal sobre las ra\u00edces suele ser suficiente para aclarar el cabello nuevo que va creciendo.<\/p>\n<p>16. <em><strong>\u00bfPuede usarse en cabellos permanentados o alisados con productos qu\u00edmicos?<\/strong><\/em><\/p>\n<p>S\u00ed, pero conviene esperar al menos entre 30-45 d\u00edas desde que se hizo el tratamiento.<\/p>\n<p>17. <strong><em>\u00bfSe pierde el color adquirido con las lociones Camomila Intea\u00ae con los lavados de cabello?<\/em><\/strong><\/p>\n<p>No, sobre todo si se lava con Champ\u00fa de Camomila Intea\u00ae que ayuda a mantener el color rubio del cabello proporcion\u00e1ndole brillo y reflejos. S\u00f3lo hay que ir aplicando la loci\u00f3n sobre el cabello nuevo que va creciendo.<\/p>\n<p>18. <em><strong>\u00bfC\u00f3mo puedo consultar cualquier otra duda que pueda tener?<\/strong><\/em><\/p>\n<p>Antes de usar por primera vez las lociones Camomila Intea\u00ae recomendamos leer el folleto explicativo que contiene el producto. Puede tambi\u00e9n enviar un e-mail a consultas@inteacosmetics.com o llamando al tel\u00e9fono gratuito para Espa\u00f1a.<\/p>\n<\/div>\n<\/div>\n<\/div>\n<\/div>\n<\/div>\n<div class=\"row parallax_6 \">\n<section class=\"parallax-box image-parallax-box \">\n<div class=\"parallax-content\">\n<div class=\"container\">\n<div class=\"row row-edge\">\n<div class=\"col-xs-12 col-sm-12 col-md-6 col-lg-12\">\n<h2 style=\"text-align: center;\"><strong>Informaci\u00f3n en el tel\u00e9fono gratuito de atenci\u00f3n al cliente INTEA <\/strong><\/h2>\n<h2 style=\"text-align: center;\"><strong>800 400 010<br \/>\n<\/strong><\/h2>\n<\/div>\n<div class=\"col-xs-12 col-sm-12 col-md-6 col-lg-12\"><\/div>\n<\/div>\n<\/div>\n<\/div>\n<\/section>\n<\/div>\n","protected":false},"excerpt":{"rendered":"<p>&nbsp; Preguntas frecuentes Aqu\u00ed puede consultar las principales preguntas que suelen surgir entre nuestros clientes si es la primera vez que van a usar nuestras lociones aclarantes. Recomendamos ver nuestros videos tutoriales de modo de empleo. Ver videos Si no encuentra la respuesta en este apartado, no dude en enviarnos su consulta o ponerse en&#8230;<\/p>\n","protected":false},"author":2,"featured_media":0,"parent":424,"menu_order":0,"comment_status":"closed","ping_status":"closed","template":"","meta":{"_monsterinsights_skip_tracking":false,"_monsterinsights_sitenote_active":false,"_monsterinsights_sitenote_note":"","_monsterinsights_sitenote_category":0,"_uf_show_specific_survey":0,"_uf_disable_surveys":false,"footnotes":""},"class_list":["post-716","page","type-page","status-publish","hentry"],"aioseo_notices":[],"_links":{"self":[{"href":"https:\/\/www.inteacosmetics.com\/es\/wp-json\/wp\/v2\/pages\/716","targetHints":{"allow":["GET"]}}],"collection":[{"href":"https:\/\/www.inteacosmetics.com\/es\/wp-json\/wp\/v2\/pages"}],"about":[{"href":"https:\/\/www.inteacosmetics.com\/es\/wp-json\/wp\/v2\/types\/page"}],"author":[{"embeddable":true,"href":"https:\/\/www.inteacosmetics.com\/es\/wp-json\/wp\/v2\/users\/2"}],"replies":[{"embeddable":true,"href":"https:\/\/www.inteacosmetics.com\/es\/wp-json\/wp\/v2\/comments?post=716"}],"version-history":[{"count":20,"href":"https:\/\/www.inteacosmetics.com\/es\/wp-json\/wp\/v2\/pages\/716\/revisions"}],"predecessor-version":[{"id":1446,"href":"https:\/\/www.inteacosmetics.com\/es\/wp-json\/wp\/v2\/pages\/716\/revisions\/1446"}],"up":[{"embeddable":true,"href":"https:\/\/www.inteacosmetics.com\/es\/wp-json\/wp\/v2\/pages\/424"}],"wp:attachment":[{"href":"https:\/\/www.inteacosmetics.com\/es\/wp-json\/wp\/v2\/media?parent=716"}],"curies":[{"name":"wp","href":"https:\/\/api.w.org\/{rel}","templated":true}]}}