{"id":707,"date":"2016-10-18T12:43:58","date_gmt":"2016-10-18T10:43:58","guid":{"rendered":"http:\/\/inteacosmetics.com\/es\/?page_id=707"},"modified":"2021-11-23T12:44:50","modified_gmt":"2021-11-23T11:44:50","slug":"contacto","status":"publish","type":"page","link":"https:\/\/www.inteacosmetics.com\/es\/atencion-al-cliente\/contacto\/","title":{"rendered":"Contacto"},"content":{"rendered":"<p style=\"padding-left: 30px;\"><img loading=\"lazy\" decoding=\"async\" class=\"alignleft wp-image-936 size-full\" src=\"https:\/\/www.inteacosmetics.com\/es\/wp-content\/uploads\/2016\/05\/29-e1486515015738.jpg\" alt=\"\" width=\"1200\" height=\"800\" \/><\/p>\n<p>\u00a0<\/p>\n<p>\u00a0<\/p>\n<div role=\"form\" class=\"wpcf7\" id=\"wpcf7-f1179-o1\" lang=\"es-ES\" dir=\"ltr\">\n<div class=\"screen-reader-response\"><p role=\"status\" aria-live=\"polite\" aria-atomic=\"true\"><\/p> <ul><\/ul><\/div>\n<form action=\"\/es\/wp-json\/wp\/v2\/pages\/707#wpcf7-f1179-o1\" method=\"post\" class=\"wpcf7-form init\" novalidate=\"novalidate\" data-status=\"init\">\n<div style=\"display: none;\">\n<input type=\"hidden\" name=\"_wpcf7\" value=\"1179\" \/>\n<input type=\"hidden\" name=\"_wpcf7_version\" value=\"5.6.4\" \/>\n<input type=\"hidden\" name=\"_wpcf7_locale\" value=\"es_ES\" \/>\n<input type=\"hidden\" name=\"_wpcf7_unit_tag\" value=\"wpcf7-f1179-o1\" \/>\n<input type=\"hidden\" name=\"_wpcf7_container_post\" value=\"0\" \/>\n<input type=\"hidden\" name=\"_wpcf7_posted_data_hash\" value=\"\" \/>\n<\/div>\n<p><label> Tu nombre (requerido)<br \/>\n    <span class=\"wpcf7-form-control-wrap\" data-name=\"your-name\"><input type=\"text\" name=\"your-name\" value=\"\" size=\"40\" class=\"wpcf7-form-control wpcf7-text wpcf7-validates-as-required\" aria-required=\"true\" aria-invalid=\"false\" \/><\/span> <\/label><\/p>\n<p><label> Tu correo electr\u00f3nico (requerido)<br \/>\n    <span class=\"wpcf7-form-control-wrap\" data-name=\"your-email\"><input type=\"email\" name=\"your-email\" value=\"\" size=\"40\" class=\"wpcf7-form-control wpcf7-text wpcf7-email wpcf7-validates-as-required wpcf7-validates-as-email\" aria-required=\"true\" aria-invalid=\"false\" \/><\/span> <\/label><\/p>\n<p><label> Asunto<br \/>\n    <span class=\"wpcf7-form-control-wrap\" data-name=\"your-subject\"><input type=\"text\" name=\"your-subject\" value=\"\" size=\"40\" class=\"wpcf7-form-control wpcf7-text\" aria-invalid=\"false\" \/><\/span> <\/label><\/p>\n<p><label> Tu mensaje<br \/>\n    <span class=\"wpcf7-form-control-wrap\" data-name=\"your-message\"><textarea name=\"your-message\" cols=\"40\" rows=\"10\" class=\"wpcf7-form-control wpcf7-textarea\" aria-invalid=\"false\"><\/textarea><\/span> <\/label><br \/>\n<span class=\"wpcf7-form-control-wrap\" data-name=\"Aceptarcondiciones\"><span class=\"wpcf7-form-control wpcf7-acceptance\"><span class=\"wpcf7-list-item\"><label><input type=\"checkbox\" name=\"Aceptarcondiciones\" value=\"1\" aria-invalid=\"false\" \/><span class=\"wpcf7-list-item-label\">Estoy de acuerdo con la <a href=\"http:\/inteacosmetics.com\/es\/proteccion-de-datos\/\">Pol\u00edtica de Privacidad<\/a> y acepto sus condiciones. (requerido)<\/span><\/label><\/span><\/span><\/span><br \/>\n<span class=\"wpcf7-form-control-wrap\" data-name=\"checkbox-966\"><span class=\"wpcf7-form-control wpcf7-checkbox\"><span class=\"wpcf7-list-item first last\"><input type=\"checkbox\" name=\"checkbox-966[]\" value=\"No deseo recibir comunicaciones comerciales y publicitarias de Duarte y Beltr\u00e1n, S. A. ni empresas del grupo o sector\" \/><span class=\"wpcf7-list-item-label\">No deseo recibir comunicaciones comerciales y publicitarias de Duarte y Beltr\u00e1n, S. A. ni empresas del grupo o sector<\/span><\/span><\/span><\/span><\/p>\n<p><input type=\"submit\" value=\"Enviar\" class=\"wpcf7-form-control has-spinner wpcf7-submit\" \/><\/p>\n<p style=\"display: none !important;\" class=\"akismet-fields-container\" data-prefix=\"_wpcf7_ak_\"><label>&#916;<textarea name=\"_wpcf7_ak_hp_textarea\" cols=\"45\" rows=\"8\" maxlength=\"100\"><\/textarea><\/label><input type=\"hidden\" id=\"ak_js_1\" name=\"_wpcf7_ak_js\" value=\"114\"\/><script>document.getElementById( \"ak_js_1\" ).setAttribute( \"value\", ( new Date() ).getTime() );<\/script><\/p><div class=\"wpcf7-response-output\" aria-hidden=\"true\"><\/div><\/form><\/div>\n<p>\u00a0<\/p>\n<p>\u00a0<\/p>\n<dl class=\"list-5\">\n<dt><img loading=\"lazy\" decoding=\"async\" class=\"alignleft wp-image-415 \" src=\"https:\/\/www.inteacosmetics.com\/es\/wp-content\/uploads\/2016\/05\/cropped-Escudo_Intea.png\" alt=\"Favicon Logo INTEA\" width=\"257\" height=\"257\" srcset=\"https:\/\/www.inteacosmetics.com\/es\/wp-content\/uploads\/2016\/05\/cropped-Escudo_Intea.png 512w, https:\/\/www.inteacosmetics.com\/es\/wp-content\/uploads\/2016\/05\/cropped-Escudo_Intea-150x150.png 150w, https:\/\/www.inteacosmetics.com\/es\/wp-content\/uploads\/2016\/05\/cropped-Escudo_Intea-300x300.png 300w, https:\/\/www.inteacosmetics.com\/es\/wp-content\/uploads\/2016\/05\/cropped-Escudo_Intea-270x270.png 270w, https:\/\/www.inteacosmetics.com\/es\/wp-content\/uploads\/2016\/05\/cropped-Escudo_Intea-192x192.png 192w, https:\/\/www.inteacosmetics.com\/es\/wp-content\/uploads\/2016\/05\/cropped-Escudo_Intea-180x180.png 180w, https:\/\/www.inteacosmetics.com\/es\/wp-content\/uploads\/2016\/05\/cropped-Escudo_Intea-32x32.png 32w\" sizes=\"auto, (max-width: 257px) 100vw, 257px\" \/>Duarte y Beltr\u00e1n, S. A.<br \/>Calle la Prensa, 1<br \/>39012 Santander (Espa\u00f1a)<\/dt>\n<dd><\/dd>\n<dd><em>TELEFONO GRATUITO DE ATENCION AL CLIENTE INTEA<\/em>: <a href=\"callao:800400010\"><strong>800 400 010<\/strong><\/a><\/dd>\n<dd>Tel\u00e9fono: <a href=\"callto:942034040\"><strong>+34 942 034 040<\/strong><\/a> &#8211; Fax: <strong>+34 942 034 04<\/strong>1 &#8211; Skype: Inteacosmetics<\/dd>\n<dd><hr \/><\/dd>\n<dd class=\"padding-dd\"><em>Consultas:<\/em> <a class=\"link\" href=\"mailto:consultas@inteacosmetics.com\">consultas@inteacosmetics.com<\/a><\/dd>\n<dd class=\"padding-dd\"><\/dd>\n<dd class=\"padding-dd\"><em>Marketing y Publicidad:\u00a0<\/em> <strong>Jes\u00fas de Lorenzo.<\/strong> <a class=\"link\" href=\"mailto:jlorenzo@inteacosmetics.com\">jlorenzo@inteacosmetics.com<\/a><\/dd>\n<dd class=\"padding-dd\"><em>Ventas:<\/em>\u00a0<strong> Javier Mart\u00ednez.<\/strong> <a href=\"mailto:ventas@inteacosmetics.com\">ventas@inteacosmetics.com<\/a><\/dd>\n<dd class=\"padding-dd\"><\/dd>\n<\/dl>\n\n\n<p><\/p>\n","protected":false},"excerpt":{"rendered":"<p>\u00a0 \u00a0 \u00a0 \u00a0 Duarte y Beltr\u00e1n, S. A.Calle la Prensa, 139012 Santander (Espa\u00f1a) TELEFONO GRATUITO DE ATENCION AL CLIENTE INTEA: 800 400 010 Tel\u00e9fono: +34 942 034 040 &#8211; Fax: +34 942 034 041 &#8211; Skype: Inteacosmetics Consultas: consultas@inteacosmetics.com Marketing y Publicidad:\u00a0 Jes\u00fas de Lorenzo. jlorenzo@inteacosmetics.com Ventas:\u00a0 Javier Mart\u00ednez. ventas@inteacosmetics.com<\/p>\n","protected":false},"author":2,"featured_media":0,"parent":424,"menu_order":0,"comment_status":"closed","ping_status":"closed","template":"","meta":{"_monsterinsights_skip_tracking":false,"_monsterinsights_sitenote_active":false,"_monsterinsights_sitenote_note":"","_monsterinsights_sitenote_category":0,"_uf_show_specific_survey":0,"_uf_disable_surveys":false,"footnotes":""},"class_list":["post-707","page","type-page","status-publish","hentry"],"aioseo_notices":[],"_links":{"self":[{"href":"https:\/\/www.inteacosmetics.com\/es\/wp-json\/wp\/v2\/pages\/707","targetHints":{"allow":["GET"]}}],"collection":[{"href":"https:\/\/www.inteacosmetics.com\/es\/wp-json\/wp\/v2\/pages"}],"about":[{"href":"https:\/\/www.inteacosmetics.com\/es\/wp-json\/wp\/v2\/types\/page"}],"author":[{"embeddable":true,"href":"https:\/\/www.inteacosmetics.com\/es\/wp-json\/wp\/v2\/users\/2"}],"replies":[{"embeddable":true,"href":"https:\/\/www.inteacosmetics.com\/es\/wp-json\/wp\/v2\/comments?post=707"}],"version-history":[{"count":26,"href":"https:\/\/www.inteacosmetics.com\/es\/wp-json\/wp\/v2\/pages\/707\/revisions"}],"predecessor-version":[{"id":1568,"href":"https:\/\/www.inteacosmetics.com\/es\/wp-json\/wp\/v2\/pages\/707\/revisions\/1568"}],"up":[{"embeddable":true,"href":"https:\/\/www.inteacosmetics.com\/es\/wp-json\/wp\/v2\/pages\/424"}],"wp:attachment":[{"href":"https:\/\/www.inteacosmetics.com\/es\/wp-json\/wp\/v2\/media?parent=707"}],"curies":[{"name":"wp","href":"https:\/\/api.w.org\/{rel}","templated":true}]}}