{"id":703,"date":"2016-10-18T12:42:00","date_gmt":"2016-10-18T10:42:00","guid":{"rendered":"http:\/\/inteacosmetics.com\/es\/?page_id=703"},"modified":"2021-11-23T12:28:08","modified_gmt":"2021-11-23T11:28:08","slug":"codigos-nacionales-farmacia","status":"publish","type":"page","link":"https:\/\/www.inteacosmetics.com\/es\/atencion-al-cliente\/codigos-nacionales-farmacia\/","title":{"rendered":"C\u00f3digos nacionales farmacia"},"content":{"rendered":"<div class=\"entry-content\">\n<div class=\"row row-edge \">\n<div class=\"col-md-12\">\n<p><img loading=\"lazy\" decoding=\"async\" class=\"alignleft wp-image-940 size-full\" src=\"https:\/\/www.inteacosmetics.com\/es\/wp-content\/uploads\/2016\/05\/33-e1486514857644.jpg\" alt=\"\" width=\"1200\" height=\"800\" \/>Los productos INTEA pueden comprarse en cualquier farmacia de Espa\u00f1a.<br \/>\nSi su farmacia no dispone del producto, el farmac\u00e9utico podr\u00e1 localizarlo mediante el C\u00f3digo Nacional (C.N.).<\/p>\n<ol>\n<li>Loci\u00f3n Ver\u00aei de Azufre F\u00f3rmula Reforzada 200 ml\u00a0\u00a0\u00a0 <strong>C.N. 264895<\/strong><\/li>\n<li>Loci\u00f3n Veri\u00ae de Azufre F\u00f3rmula Reforzada 400 ml\u00a0 <strong>C.N. <\/strong><strong>264903<\/strong><\/li>\n<li>Loci\u00f3n Veri\u00ae de Azufre F\u00f3rmula Reforzada 750 ml\u00a0 <strong>C.N. <\/strong><strong>264911<\/strong><\/li>\n<li>Loci\u00f3n Veri\u00ae de Azufre Cabellos Grises 200 ml\u00a0 <strong>C.N. <\/strong><strong>264887<\/strong><\/li>\n<li>Camomila Intea\u00ae Champ\u00fa 250 ml\u00a0 <strong>C.N. <\/strong><strong>256990<\/strong><\/li>\n<li>Camomila Intea\u00ae Champ\u00fa Infantil 250 ml\u00a0 <strong>C.N. <\/strong><strong>257022<\/strong><\/li>\n<li>Camomila Intea\u00ae Champ\u00fa 500 ml\u00a0 <strong>C.N. <\/strong><strong>256982<\/strong><\/li>\n<li>Camomila Intea\u00ae Champ\u00fa Infantil 500 ml\u00a0 <strong>C.N. <\/strong><strong>257014<\/strong><\/li>\n<li>Camomila Intea\u00ae Mascarilla Cabello Rubio 250 ml.\u00a0 <strong>C.N. <\/strong><strong>158352<\/strong><\/li>\n<li>Intea\u00ae Champ\u00fa al T\u00e9 Verde y Menta 250 ml\u00a0 <strong>C.N. <\/strong><strong>158261<\/strong><\/li>\n<li>Camomila Intea\u00ae Loci\u00f3n Rubio Natural 100 ml\u00a0\u00a0 <strong>C.N. <\/strong><strong>256883<\/strong><\/li>\n<li>Camomila Intea\u00ae Loci\u00f3n Infantil 100 ml\u00a0 <strong>C.N. <\/strong><strong>256891<\/strong><\/li>\n<li>Camomila Intea\u00ae Reflejos Rubios con vaporizador 200 ml\u00a0 <strong>C.N. <\/strong><strong>256875<\/strong><\/li>\n<li>Camomila Intea\u00ae Loci\u00f3n Cubrevello 100 ml\u00a0\u00a0 <strong>C.N. <\/strong><strong>256925<\/strong><\/li>\n<li>Camomila Intea\u00ae Cubrevello Solar con vaporizador 200 ml\u00a0 <strong>C.N. <\/strong><strong>256917<\/strong><\/li>\n<li>Intea\u00ae T\u00f3nico Facial Agua de Rosas 250 ml\u00a0 <strong>C.N. <\/strong><strong>158279<\/strong><\/li>\n<li>Intea\u00ae Leche Limpiadora con Aloe Vera 250 ml\u00a0 <strong>C.N. <\/strong><strong>158345<\/strong><\/li>\n<li>Camomila Intea\u00ae Cubrevello Junior 50 ml\u00a0 <strong>C.N. <\/strong><strong>323115.2<\/strong><\/li>\n<\/ol>\n<p>Si en la localidad donde reside tiene dificultades para encontrar el producto contacte con nosotros a trav\u00e9s del correo electr\u00f3nico.<\/p>\n<p style=\"text-align: center;\">Tel\u00e9fono gratuito de atenci\u00f3n al cliente<\/p>\n<p style=\"text-align: center;\"><strong>800 400 010<\/strong><\/p>\n<\/div>\n<\/div>\n<\/div>\n","protected":false},"excerpt":{"rendered":"<p>Los productos INTEA pueden comprarse en cualquier farmacia de Espa\u00f1a. Si su farmacia no dispone del producto, el farmac\u00e9utico podr\u00e1 localizarlo mediante el C\u00f3digo Nacional (C.N.). Loci\u00f3n Ver\u00aei de Azufre F\u00f3rmula Reforzada 200 ml\u00a0\u00a0\u00a0 C.N. 264895 Loci\u00f3n Veri\u00ae de Azufre F\u00f3rmula Reforzada 400 ml\u00a0 C.N. 264903 Loci\u00f3n Veri\u00ae de Azufre F\u00f3rmula Reforzada 750 ml\u00a0 C.N&#8230;.<\/p>\n","protected":false},"author":2,"featured_media":0,"parent":424,"menu_order":0,"comment_status":"closed","ping_status":"closed","template":"","meta":{"_monsterinsights_skip_tracking":false,"_monsterinsights_sitenote_active":false,"_monsterinsights_sitenote_note":"","_monsterinsights_sitenote_category":0,"_uf_show_specific_survey":0,"_uf_disable_surveys":false,"footnotes":""},"class_list":["post-703","page","type-page","status-publish","hentry"],"aioseo_notices":[],"_links":{"self":[{"href":"https:\/\/www.inteacosmetics.com\/es\/wp-json\/wp\/v2\/pages\/703","targetHints":{"allow":["GET"]}}],"collection":[{"href":"https:\/\/www.inteacosmetics.com\/es\/wp-json\/wp\/v2\/pages"}],"about":[{"href":"https:\/\/www.inteacosmetics.com\/es\/wp-json\/wp\/v2\/types\/page"}],"author":[{"embeddable":true,"href":"https:\/\/www.inteacosmetics.com\/es\/wp-json\/wp\/v2\/users\/2"}],"replies":[{"embeddable":true,"href":"https:\/\/www.inteacosmetics.com\/es\/wp-json\/wp\/v2\/comments?post=703"}],"version-history":[{"count":7,"href":"https:\/\/www.inteacosmetics.com\/es\/wp-json\/wp\/v2\/pages\/703\/revisions"}],"predecessor-version":[{"id":1558,"href":"https:\/\/www.inteacosmetics.com\/es\/wp-json\/wp\/v2\/pages\/703\/revisions\/1558"}],"up":[{"embeddable":true,"href":"https:\/\/www.inteacosmetics.com\/es\/wp-json\/wp\/v2\/pages\/424"}],"wp:attachment":[{"href":"https:\/\/www.inteacosmetics.com\/es\/wp-json\/wp\/v2\/media?parent=703"}],"curies":[{"name":"wp","href":"https:\/\/api.w.org\/{rel}","templated":true}]}}