{"id":696,"date":"2016-10-18T12:33:59","date_gmt":"2016-10-18T10:33:59","guid":{"rendered":"http:\/\/inteacosmetics.com\/es\/?page_id=696"},"modified":"2021-11-23T12:40:54","modified_gmt":"2021-11-23T11:40:54","slug":"consultas","status":"publish","type":"page","link":"https:\/\/www.inteacosmetics.com\/es\/atencion-al-cliente\/consultas\/","title":{"rendered":"Consultas"},"content":{"rendered":"<div>\n<div>\n<div>\n<div>\n<div>\n<div>\n<h2><img loading=\"lazy\" decoding=\"async\" class=\"alignleft wp-image-66 size-full\" src=\"https:\/\/www.inteacosmetics.com\/es\/wp-content\/uploads\/2016\/05\/intea-quem-somos-e1462910051609.jpg\" alt=\"\" width=\"1073\" height=\"716\" \/>Servicio de Atenci\u00f3n al cliente de INTEA<\/h2>\n<\/div>\n<\/div>\n<\/div>\n<\/div>\n<div>\n<div>\n<div>\n<div><\/div>\n<p>Desde hace mucho tiempo, en INTEA\u00ae nos esforzamos diariamente por ofrecer un servicio de atenci\u00f3n personalizada a todos nuestros clientes.<\/p>\n<\/div>\n<\/div>\n<\/div>\n<\/div>\n<\/div>\n<div>\n<div>\n<div>\n<ul>\n<li>Tel\u00e9fono Gratuito <a href=\"callto:800400010\">800 400 010<\/a> S\u00f3lo para Espa\u00f1a<\/li>\n<li>E-mail. <a href=\"mailto:consultas@inteacosmetics.com\">consultas@inteacosmetics.com<\/a><\/li>\n<\/ul>\n<\/div>\n<\/div>\n<div>\n<div>\n<p><img loading=\"lazy\" decoding=\"async\" class=\"alignleft wp-image-112 size-full\" src=\"https:\/\/www.inteacosmetics.com\/es\/wp-content\/uploads\/2016\/05\/importancia-mascara-cabelos.jpg\" alt=\"Mascara para cabelos\" width=\"1955\" height=\"1304\" srcset=\"https:\/\/www.inteacosmetics.com\/es\/wp-content\/uploads\/2016\/05\/importancia-mascara-cabelos.jpg 1955w, https:\/\/www.inteacosmetics.com\/es\/wp-content\/uploads\/2016\/05\/importancia-mascara-cabelos-300x200.jpg 300w, https:\/\/www.inteacosmetics.com\/es\/wp-content\/uploads\/2016\/05\/importancia-mascara-cabelos-768x512.jpg 768w, https:\/\/www.inteacosmetics.com\/es\/wp-content\/uploads\/2016\/05\/importancia-mascara-cabelos-1024x683.jpg 1024w, https:\/\/www.inteacosmetics.com\/es\/wp-content\/uploads\/2016\/05\/importancia-mascara-cabelos-150x100.jpg 150w\" sizes=\"auto, (max-width: 1955px) 100vw, 1955px\" \/><\/p>\n<\/div>\n<\/div>\n<\/div>\n<div>\n<div>\n<div>\n<div>\n<h2>Descargas Hojas Modo de Empleo<\/h2>\n<\/div>\n<\/div>\n<\/div>\n<\/div>\n<div>\n<div>\n<div>\n<p>Todos nuestros productos llevan una hoja de instrucciones y modo de empleo, donde se explica la mejor manera de usarlos.<\/p>\n<p>Si lees detenidamente las instrucciones y sigues cada paso conseguir\u00e1s r\u00e1pidamente los efectos deseados. En este apartado te los puedes descargar si los has perdido.<\/p>\n<ul>\n<li><a href=\"http:\/\/inteacosmetics.com\/es\/wp-content\/uploads\/2018\/04\/Modo_empleo_CB.pdf\" target=\"_blank\" rel=\"noopener noreferrer\">Descargar USO de productos de cabello<\/a><\/li>\n<li><a href=\"http:\/\/inteacosmetics.com\/es\/wp-content\/uploads\/2018\/04\/Modo_empleo_CV.pdf\" target=\"_blank\" rel=\"noopener noreferrer\">Descargar USO de productos de vello<\/a><\/li>\n<li><a href=\"http:\/\/inteacosmetics.com\/pdfs\/LVERI.pdf\" target=\"_blank\" rel=\"noopener noreferrer\">Descargar USO de productos VERI\u00ae<\/a><\/li>\n<\/ul>\n<\/div>\n<\/div>\n<\/div>\n","protected":false},"excerpt":{"rendered":"<p>Servicio de Atenci\u00f3n al cliente de INTEA Desde hace mucho tiempo, en INTEA\u00ae nos esforzamos diariamente por ofrecer un servicio de atenci\u00f3n personalizada a todos nuestros clientes. Tel\u00e9fono Gratuito 800 400 010 S\u00f3lo para Espa\u00f1a E-mail. consultas@inteacosmetics.com Descargas Hojas Modo de Empleo Todos nuestros productos llevan una hoja de instrucciones y modo de empleo, donde&#8230;<\/p>\n","protected":false},"author":2,"featured_media":0,"parent":424,"menu_order":0,"comment_status":"closed","ping_status":"closed","template":"","meta":{"_monsterinsights_skip_tracking":false,"_monsterinsights_sitenote_active":false,"_monsterinsights_sitenote_note":"","_monsterinsights_sitenote_category":0,"_uf_show_specific_survey":0,"_uf_disable_surveys":false,"footnotes":""},"class_list":["post-696","page","type-page","status-publish","hentry"],"aioseo_notices":[],"_links":{"self":[{"href":"https:\/\/www.inteacosmetics.com\/es\/wp-json\/wp\/v2\/pages\/696","targetHints":{"allow":["GET"]}}],"collection":[{"href":"https:\/\/www.inteacosmetics.com\/es\/wp-json\/wp\/v2\/pages"}],"about":[{"href":"https:\/\/www.inteacosmetics.com\/es\/wp-json\/wp\/v2\/types\/page"}],"author":[{"embeddable":true,"href":"https:\/\/www.inteacosmetics.com\/es\/wp-json\/wp\/v2\/users\/2"}],"replies":[{"embeddable":true,"href":"https:\/\/www.inteacosmetics.com\/es\/wp-json\/wp\/v2\/comments?post=696"}],"version-history":[{"count":8,"href":"https:\/\/www.inteacosmetics.com\/es\/wp-json\/wp\/v2\/pages\/696\/revisions"}],"predecessor-version":[{"id":1564,"href":"https:\/\/www.inteacosmetics.com\/es\/wp-json\/wp\/v2\/pages\/696\/revisions\/1564"}],"up":[{"embeddable":true,"href":"https:\/\/www.inteacosmetics.com\/es\/wp-json\/wp\/v2\/pages\/424"}],"wp:attachment":[{"href":"https:\/\/www.inteacosmetics.com\/es\/wp-json\/wp\/v2\/media?parent=696"}],"curies":[{"name":"wp","href":"https:\/\/api.w.org\/{rel}","templated":true}]}}