{"id":1087,"date":"2018-04-07T01:38:51","date_gmt":"2018-04-06T23:38:51","guid":{"rendered":"http:\/\/inteacosmetics.com\/es\/?page_id=1087"},"modified":"2018-04-07T01:44:51","modified_gmt":"2018-04-06T23:44:51","slug":"politica-de-calidad","status":"publish","type":"page","link":"https:\/\/www.inteacosmetics.com\/es\/empresa\/politica-de-calidad\/","title":{"rendered":"Pol\u00edtica de calidad"},"content":{"rendered":"<h4><u>POL\u00cdTICA DE CALIDAD<\/u><\/h4>\n<p><strong>\u00a0<\/strong><\/p>\n<p><strong>DUARTE Y BELTR\u00c1N, S.A.<\/strong>\u00a0es una compa\u00f1\u00eda familiar fundada en el a\u00f1o 1.979, continuadora de la empresa individual INTEA P. BELTR\u00c1N que, desde 1.915, se ha especializado en la creaci\u00f3n y desarrollo de productos cosm\u00e9ticos elaborados con componentes naturales de alta calidad, siendo actualmente propietaria de las marcas y patentes INTEA<sup>\u00ae<\/sup>.<\/p>\n<p>&nbsp;<\/p>\n<p>Nuestra empresa se caracteriza por una constante b\u00fasqueda de la mejora del producto que ofrecemos a nuestros clientes. Por ello, el punto de vista de nuestros clientes y consumidores finales debe conocerse en toda la empresa y debe medirse para poder evaluar su grado de satisfacci\u00f3n.<\/p>\n<p>&nbsp;<\/p>\n<p>La competitividad de\u00a0<strong>DUARTE Y BELTR\u00c1N, S.A.<\/strong>\u00a0es absolutamente necesaria para nuestra permanencia en el mercado y para ello el Sistema de Gesti\u00f3n de la Calidad implantado, seg\u00fan la norma UNE EN ISO 9001:2015, debe ir encaminado a alcanzar la satisfacci\u00f3n de los clientes, de los consumidores finales y de los empleados. A su vez debe permitir alcanzar la optimizaci\u00f3n global de los recursos de la empresa, cumpliendo todos los requisitos determinados por el cliente, estableciendo precios competitivos, proporcionando un producto \u00f3ptimo y cumpliendo fielmente los plazos de entrega.<\/p>\n<p>&nbsp;<\/p>\n<p><strong>DUARTE Y BELTR\u00c1N, S.A.<\/strong>\u00a0apuesta por el camino hacia la mejora continua y para ello debe integrar el ciclo de Planificaci\u00f3n, Ejecuci\u00f3n, Verificaci\u00f3n y An\u00e1lisis en el Sistema de Gesti\u00f3n de la Calidad, con la finalidad de hacer las cosas bien, a la primera y con la calidad adecuada.<\/p>\n<p>&nbsp;<\/p>\n<p>La Calidad se fabrica en cada puesto de trabajo de la empresa, desde los comerciales que recogen las necesidades del Cliente, hasta el personal que tramita, elabora y expide los pedidos, lo que conlleva la necesidad de la colaboraci\u00f3n y compromiso de todos los integrantes de la empresa para satisfacer esta Pol\u00edtica de Calidad.<\/p>\n<p>&nbsp;<\/p>\n<p>La tarea de mejora de la calidad es, en primer lugar, una responsabilidad de la Direcci\u00f3n y por ello \u00e9sta se compromete a:<\/p>\n<p>&nbsp;<\/p>\n<ul>\n<li>Establecer objetivos cuantificables anualmente derivados de esta Pol\u00edtica de Calidad.<\/li>\n<li>Aportar los recursos humanos, t\u00e9cnicos y materiales necesarios, proporcionando asimismo la formaci\u00f3n adecuada al personal para que realice sus tareas con los niveles de calidad exigibles.<\/li>\n<li>Velar por la implantaci\u00f3n, cumplimiento y eficacia de esta Pol\u00edtica, d\u00e1ndola a conocer a todos los miembros de la empresa, as\u00ed como a sus proveedores, colaboradores y p\u00fablico en general, asegurando que es entendida y revis\u00e1ndola anualmente para comprobar su adecuaci\u00f3n al prop\u00f3sito de nuestra empresa.<\/li>\n<\/ul>\n<p>&nbsp;<\/p>\n<p>Jos\u00e9 Ignacio Beltr\u00e1n Pi\u00f1eiro<\/p>\n<p>Director Gerente<\/p>\n<p>&nbsp;<\/p>\n","protected":false},"excerpt":{"rendered":"<p>POL\u00cdTICA DE CALIDAD \u00a0 DUARTE Y BELTR\u00c1N, S.A.\u00a0es una compa\u00f1\u00eda familiar fundada en el a\u00f1o 1.979, continuadora de la empresa individual INTEA P. BELTR\u00c1N que, desde 1.915, se ha especializado en la creaci\u00f3n y desarrollo de productos cosm\u00e9ticos elaborados con componentes naturales de alta calidad, siendo actualmente propietaria de las marcas y patentes INTEA\u00ae. &nbsp;&#8230;<\/p>\n","protected":false},"author":2,"featured_media":0,"parent":2,"menu_order":0,"comment_status":"closed","ping_status":"closed","template":"","meta":{"_monsterinsights_skip_tracking":false,"_monsterinsights_sitenote_active":false,"_monsterinsights_sitenote_note":"","_monsterinsights_sitenote_category":0,"_uf_show_specific_survey":0,"_uf_disable_surveys":false,"footnotes":""},"class_list":["post-1087","page","type-page","status-publish","hentry"],"aioseo_notices":[],"_links":{"self":[{"href":"https:\/\/www.inteacosmetics.com\/es\/wp-json\/wp\/v2\/pages\/1087","targetHints":{"allow":["GET"]}}],"collection":[{"href":"https:\/\/www.inteacosmetics.com\/es\/wp-json\/wp\/v2\/pages"}],"about":[{"href":"https:\/\/www.inteacosmetics.com\/es\/wp-json\/wp\/v2\/types\/page"}],"author":[{"embeddable":true,"href":"https:\/\/www.inteacosmetics.com\/es\/wp-json\/wp\/v2\/users\/2"}],"replies":[{"embeddable":true,"href":"https:\/\/www.inteacosmetics.com\/es\/wp-json\/wp\/v2\/comments?post=1087"}],"version-history":[{"count":1,"href":"https:\/\/www.inteacosmetics.com\/es\/wp-json\/wp\/v2\/pages\/1087\/revisions"}],"predecessor-version":[{"id":1088,"href":"https:\/\/www.inteacosmetics.com\/es\/wp-json\/wp\/v2\/pages\/1087\/revisions\/1088"}],"up":[{"embeddable":true,"href":"https:\/\/www.inteacosmetics.com\/es\/wp-json\/wp\/v2\/pages\/2"}],"wp:attachment":[{"href":"https:\/\/www.inteacosmetics.com\/es\/wp-json\/wp\/v2\/media?parent=1087"}],"curies":[{"name":"wp","href":"https:\/\/api.w.org\/{rel}","templated":true}]}}