{"id":1029,"date":"2017-03-08T21:09:44","date_gmt":"2017-03-08T20:09:44","guid":{"rendered":"http:\/\/inteacosmetics.com\/es\/?page_id=1029"},"modified":"2018-05-30T17:31:40","modified_gmt":"2018-05-30T15:31:40","slug":"politica-de-cookies","status":"publish","type":"page","link":"https:\/\/www.inteacosmetics.com\/es\/politica-de-cookies\/","title":{"rendered":"Pol\u00edtica de Cookies"},"content":{"rendered":"<p>I. \u00bfQU\u00c9 ES UNA COOKIE Y PARA QU\u00c9 SIRVE?<\/p>\n<p>Una \u201ccookie\u201d es un peque\u00f1o archivo que nuestra p\u00e1gina web almacena en el navegador de tu ordenador, <em>tablet<\/em>, <em>smartphone<\/em> o cualquier otro dispositivo, con informaci\u00f3n sobre tu navegaci\u00f3n en nuestra web como usuario de la misma.<\/p>\n<p>El conjunto de cookies de todos nuestros usuarios nos ayuda a mejorar la calidad de nuestra web www.inteacosmetics.com, permiti\u00e9ndonos controlar qu\u00e9 p\u00e1ginas son \u00fatiles, cu\u00e1les no y cu\u00e1les son susceptibles de mejora.<\/p>\n<p>Las cookies son esenciales para el funcionamiento de internet, aportando innumerables ventajas en la prestaci\u00f3n de servicios interactivos, facilit\u00e1ndote la navegaci\u00f3n y usabilidad de nuestra web.<\/p>\n<p>En ning\u00fan caso las cookies podr\u00edan da\u00f1ar tu equipo. Por contra, el que est\u00e9n activas nos ayuda a identificar y resolver los errores.<\/p>\n<p>II. \u00bfQU\u00c9 TIPO DE COOKIES UTILIZAMOS?<\/p>\n<p>La siguiente informaci\u00f3n de los tipos posibles de cookies ayuda a comprender mejor las funciones que hacen posible:<\/p>\n<p>A.- Seg\u00fan <strong><u>LA ENTIDAD<\/u><\/strong> que la gestiona:<\/p>\n<ul>\n<li>Cookies de origen o propias: son aquellas que se env\u00edan a tu equipo desde nuestros propios equipos o dominios y desde el que prestamos el servicio que nos solicitas.<\/li>\n<\/ul>\n<ul>\n<li>Cookies de terceros: son aquellas que se env\u00edan a tu equipo desde un equipo o dominio que no es gestionado por nosotros, sino por otra entidad colaboradora. Son cookies que se reciben al navegar por nuestra p\u00e1gina web, pero que han sido generadas por un tercer servicio que se encuentra hospedado en ella. Como por ejemplo, las usadas por redes sociales, o por contenido externo como Google Analytics.<\/li>\n<\/ul>\n<p>B.- Seg\u00fan <strong><u>EL PLAZO<\/u><\/strong> de tiempo que permanecen activadas:<\/p>\n<ul>\n<li>Cookies de sesi\u00f3n: son cookies temporales que permanecen en el archivo de cookies de tu navegador hasta que abandonas nuestra p\u00e1gina web, por lo que ninguna queda registrada en el disco duro de tu ordenador, <em>tablet<\/em> o <em>smartphone<\/em>. La informaci\u00f3n obtenida por medio de estas cookies, sirve para analizar pautas de tr\u00e1fico en nuestra web. A la larga, esto nos permite proporcionar una mejor experiencia para mejorar el contenido y facilitarte su uso.<\/li>\n<\/ul>\n<p>La informaci\u00f3n obtenida por medio de estas cookies hace posible la gesti\u00f3n operativa con cada uno de los usuarios que est\u00e1 accediendo de forma simult\u00e1nea a nuestra web.<\/p>\n<ul>\n<li>Cookies persistentes: son almacenadas en el disco duro y nuestra web las lee cada vez que realizas una nueva visita, permiti\u00e9ndonos reconocerte como visitante de la web y con una fecha de expiraci\u00f3n determinada. La cookie dejar\u00e1 de funcionar despu\u00e9s de esa fecha.<\/li>\n<\/ul>\n<p>Estas cookies las utilizamos, generalmente, para facilitar los servicios de registro (como recordar el idioma), adaptar el contenido de determinadas \u00e1reas de la misma para ofrecerte contenidos que se ajusten a tus preferencias o la prestaci\u00f3n de un servicio comercial (ofrecer aquellos productos o servicios relacionados con anteriores visitas).<\/p>\n<p>C.- Seg\u00fan su <strong><u>FINALIDAD<\/u><\/strong>:<\/p>\n<ul>\n<li>Cookies t\u00e9cnicas: son aqu\u00e9llas que te permiten la navegaci\u00f3n a trav\u00e9s de nuestra p\u00e1gina web y la utilizaci\u00f3n de las diferentes opciones o servicios que en ella existen como, por ejemplo, controlar el tr\u00e1fico y la comunicaci\u00f3n de datos, identificar la sesi\u00f3n, acceder a partes de acceso restringido, realizar la solicitud de inscripci\u00f3n o participaci\u00f3n en un evento, utilizar elementos de seguridad durante la navegaci\u00f3n o almacenar, difundir y\/o compartir contenidos a trav\u00e9s de redes sociales.<\/li>\n<\/ul>\n<ul>\n<li>Cookies de personalizaci\u00f3n: son aqu\u00e9llas que te permiten acceder al servicio con unas caracter\u00edsticas predefinidas en funci\u00f3n de una serie de criterios, como por ejemplo el idioma, el tipo de navegador a trav\u00e9s del cual se accede al servicio, la configuraci\u00f3n regional desde donde se accede al servicio, etc.<\/li>\n<\/ul>\n<ul>\n<li>Cookies de an\u00e1lisis: son aqu\u00e9llas que permiten cuantificar el n\u00famero de usuarios que visitan nuestra p\u00e1gina web y aquellas partes de los mismos que gozan de mayor popularidad. Gracias a ellas se obtiene una informaci\u00f3n que puede ayudarnos a mejorar la navegaci\u00f3n y dar un mejor servicio a los usuarios. Este tipo de cookies nos ayudan, en definitiva, a mejorar en beneficio del usuario, el uso y la experiencia de utilizaci\u00f3n de nuestra web.<\/li>\n<\/ul>\n<ul>\n<li>Cookies publicitarias: son aqu\u00e9llas que permiten la gesti\u00f3n, de la forma m\u00e1s eficaz posible, de los espacios publicitarios que se pudieran incluir en nuestra p\u00e1gina web.<\/li>\n<\/ul>\n<ul>\n<li>Cookies de publicidad comportamental: son aqu\u00e9llas que permiten la gesti\u00f3n eficaz de los espacios publicitarios incluidos en nuestra p\u00e1gina web. Estas cookies almacenan informaci\u00f3n del comportamiento de los usuarios obtenida a trav\u00e9s de la observaci\u00f3n continuada de sus h\u00e1bitos de navegaci\u00f3n, lo que permite desarrollar un perfil espec\u00edfico para mostrar publicidad en funci\u00f3n del mismo.<\/li>\n<\/ul>\n<p>Las cookies que empleamos en www.inteacosmetics.com son:<\/p>\n<p>A.- Cookies PROPIAS: la web no sirve ninguna cookie propia.<\/p>\n<p>B.- Cookies de TERCEROS:<\/p>\n<p><strong>Anal\u00edticas<\/strong>: GOOGLE ANALYTICS.<\/p>\n<p>Las cookies de an\u00e1lisis componen informaci\u00f3n estad\u00edstica del n\u00famero de visitas a las diferentes secciones de nuestra web. Esta informaci\u00f3n nos ayuda a entender c\u00f3mo usan los usuarios nuestra web, qu\u00e9 p\u00e1ginas resultan m\u00e1s o menos vistas. Estas cookies no recogen ninguna informaci\u00f3n que pueda identificarte, toda la informaci\u00f3n recogida es an\u00f3nima y s\u00f3lo la empleamos para mejorar la funcionalidad y calidad de la informaci\u00f3n que te ofrecemos.<\/p>\n<p>&nbsp;<\/p>\n<table width=\"425\">\n<tbody>\n<tr>\n<td width=\"108\"><strong>NOMBRE DE LA COOKIE<\/strong><\/td>\n<td width=\"108\"><strong>TIEMPO QUE PERMANECE ACTIVADA<\/strong><\/td>\n<td width=\"108\"><strong>FINALIDAD<\/strong><\/td>\n<td width=\"101\"><strong>ENTIDAD QUE LA GESTIONA<\/strong><\/td>\n<\/tr>\n<tr>\n<td width=\"108\">__ga<\/td>\n<td width=\"108\"><strong>2 A\u00d1OS<\/strong> DESDE CREACI\u00d3N O MODIFICACI\u00d3N<\/td>\n<td width=\"108\">PERMITE RECOGER ESTAD\u00cdSTICAS AN\u00d3NIMAS SOBRE EL USO DE NUESTRA WEB.<\/p>\n<p>Se usa para diferenciar entre usuarios y sesiones. La cookie se crea al cargar la librer\u00eda Javascript y no existe una versi\u00f3n previa de la cookie _ga. La cookie se actualiza cada vez que env\u00eda los datos a <em>Google Analytics<\/em>.<\/p>\n<p>&nbsp;<\/td>\n<td width=\"101\">GOOGLE<\/td>\n<\/tr>\n<tr>\n<td width=\"108\">__gta<\/td>\n<td width=\"108\"><strong>10 MINUTOS<\/strong> DESDE CREACI\u00d3N O MODIFICACI\u00d3N<\/td>\n<td width=\"108\">PERMITE RECOGER ESTAD\u00cdSTICAS AN\u00d3NIMAS SOBRE EL USO DE NUESTRA WEB<\/p>\n<p>Se usa para diferenciar entre \u00a0\u00a0\u00a0los diferentes objetos de seguimiento creados en la sesi\u00f3n. La cookie se crea al cargar la librer\u00eda Javascript y no existe una versi\u00f3n previa de la cookie _gat. La cookie se actualiza cada vez que env\u00eda los datos a <em>Google Analytics<\/em>.<\/p>\n<p>&nbsp;<\/td>\n<td width=\"101\">GOOGLE<\/td>\n<\/tr>\n<\/tbody>\n<\/table>\n<p>&nbsp;<\/p>\n<p>&nbsp;<\/p>\n<p>III. \u00bfC\u00d3MO PUEDES CONFIGURAR O DESACTIVAR TUS COOKIES Y REVOCAR TU CONSENTIMIENTO A LA ACEPTACI\u00d3N DE COOKIES?<\/p>\n<p>Recuerda que puedes permitir, bloquear, deshabilitar o eliminar las cookies instaladas en tu equipo cuando quieras a trav\u00e9s de las opciones de configuraci\u00f3n de tu navegador de Internet.<\/p>\n<p>Si quieres retirar en cualquier momento tu consentimiento relacionado con la Pol\u00edtica de Cookies de www.inteacosmetics.com, deber\u00e1s eliminar las cookies almacenadas en tu equipo a trav\u00e9s de los ajustes y configuraciones de tu navegador de Internet.<\/p>\n<p>Si quieres borrar de tu navegador las cookies registradas por www.inteacosmetics.com, aqu\u00ed tienes instrucciones para distintos navegadores:<\/p>\n<p>Internet Explorer: <a href=\"http:\/\/windows.microsoft.com\/es-es\/internet-explorer\/delete-manage-cookies\">Pincha aqu\u00ed <\/a><\/p>\n<p>Google Chrome: <a href=\"https:\/\/support.google.com\/chrome\/answer\/95647\">Pincha aqu\u00ed<\/a><\/p>\n<p>Mozilla Firefox: <a href=\"http:\/\/support.mozilla.org\/kb\/delete-cookies-remove-info-websites-stored\">Pincha aqu\u00ed<\/a><\/p>\n<p>Safari: <a href=\"http:\/\/support.apple.com\/kb\/ph11920\">Pincha aqu\u00ed.<\/a>\u00a0 (en ingl\u00e9s).<\/p>\n<p>Entra al men\u00fa Safari &gt; Preferencias; En la secci\u00f3n Privacidad, pulsa el bot\u00f3n Detalles; Selecciona el sitio web que almacena cookies y pulsa Eliminar, o pulsa Eliminar Todos para borrar todas las cookies.<\/p>\n<p>Otros: en general, para eliminar las cookies de tu navegador debes ir al men\u00fa Preferencias o Configuraci\u00f3n del navegador y buscar la secci\u00f3n Privacidad. All\u00ed encontrar\u00e1s opciones para gestionar tus cookies y otros datos almacenados por los sitios web que visitas, as\u00ed como configurar el comportamiento de tu navegador al tratar las cookies.<\/p>\n<p>Recuerda siempre acceder a la informaci\u00f3n de soporte m\u00e1s actualizada de dichos navegadores para conocer el modo en que puedes eliminar las cookies, dado que el modo puede diferir entre distintas versiones y sistemas operativos.<\/p>\n<p>&nbsp;<\/p>\n<p>IV. CAMBIOS EN LA POL\u00cdTICA DE COOKIES.<\/p>\n<p>Es posible que actualicemos la pol\u00edtica de cookies de nuestra p\u00e1gina web www.inteacosmetics.com, por ello, te recomendamos, revisar esta pol\u00edtica cada vez que accedas a nuestra web con el objetivo de estar adecuadamente informado sobre c\u00f3mo y para qu\u00e9 usamos las cookies.<\/p>\n","protected":false},"excerpt":{"rendered":"<p>I. \u00bfQU\u00c9 ES UNA COOKIE Y PARA QU\u00c9 SIRVE? Una \u201ccookie\u201d es un peque\u00f1o archivo que nuestra p\u00e1gina web almacena en el navegador de tu ordenador, tablet, smartphone o cualquier otro dispositivo, con informaci\u00f3n sobre tu navegaci\u00f3n en nuestra web como usuario de la misma. El conjunto de cookies de todos nuestros usuarios nos ayuda&#8230;<\/p>\n","protected":false},"author":2,"featured_media":0,"parent":0,"menu_order":0,"comment_status":"closed","ping_status":"closed","template":"","meta":{"_monsterinsights_skip_tracking":false,"_monsterinsights_sitenote_active":false,"_monsterinsights_sitenote_note":"","_monsterinsights_sitenote_category":0,"_uf_show_specific_survey":0,"_uf_disable_surveys":false,"footnotes":""},"class_list":["post-1029","page","type-page","status-publish","hentry"],"aioseo_notices":[],"_links":{"self":[{"href":"https:\/\/www.inteacosmetics.com\/es\/wp-json\/wp\/v2\/pages\/1029","targetHints":{"allow":["GET"]}}],"collection":[{"href":"https:\/\/www.inteacosmetics.com\/es\/wp-json\/wp\/v2\/pages"}],"about":[{"href":"https:\/\/www.inteacosmetics.com\/es\/wp-json\/wp\/v2\/types\/page"}],"author":[{"embeddable":true,"href":"https:\/\/www.inteacosmetics.com\/es\/wp-json\/wp\/v2\/users\/2"}],"replies":[{"embeddable":true,"href":"https:\/\/www.inteacosmetics.com\/es\/wp-json\/wp\/v2\/comments?post=1029"}],"version-history":[{"count":2,"href":"https:\/\/www.inteacosmetics.com\/es\/wp-json\/wp\/v2\/pages\/1029\/revisions"}],"predecessor-version":[{"id":1183,"href":"https:\/\/www.inteacosmetics.com\/es\/wp-json\/wp\/v2\/pages\/1029\/revisions\/1183"}],"wp:attachment":[{"href":"https:\/\/www.inteacosmetics.com\/es\/wp-json\/wp\/v2\/media?parent=1029"}],"curies":[{"name":"wp","href":"https:\/\/api.w.org\/{rel}","templated":true}]}}