{"id":1026,"date":"2017-03-08T21:05:50","date_gmt":"2017-03-08T20:05:50","guid":{"rendered":"http:\/\/inteacosmetics.com\/es\/?page_id=1026"},"modified":"2018-05-30T13:59:32","modified_gmt":"2018-05-30T11:59:32","slug":"proteccion-de-datos","status":"publish","type":"page","link":"https:\/\/www.inteacosmetics.com\/es\/proteccion-de-datos\/","title":{"rendered":"Protecci\u00f3n de datos"},"content":{"rendered":"<p><strong>Protecci\u00f3n de datos\u2028\u2028<\/strong><\/p>\n<p>En DUARTE Y BELTRAN, S.A creemos y defendemos que tu privacidad es algo muy importante y que s\u00f3lo t\u00fa debes poder decidir qu\u00e9 uso se hace de tu informaci\u00f3n. Por eso, nos hemos adecuado a la normativa europea de Protecci\u00f3n de Datos personales y ponemos a tu disposici\u00f3n todo lo que necesitas para entenderla.\u2028\u2028En cumplimiento del Reglamento (UE) 2016\/679 del Parlamento Europeo y del Consejo, de 27 de abril de 2016 relativo a la protecci\u00f3n de las personas f\u00edsicas en lo que respecta al tratamiento de datos personales y a la libre circulaci\u00f3n de estos datos (RGPD), as\u00ed como la Ley Org\u00e1nica de Protecci\u00f3n de Datos, te informamos de lo siguiente:<\/p>\n<p><strong>Qui\u00e9nes somos<\/strong><\/p>\n<p>Este sitio web es propiedad de DUARTE Y BELTRAN, S.A, con CIF A-39016589 y domicilio social en c\/ La prensa, n\u00ba 1, 39012 Santander. Correo electr\u00f3nico: dubesa@inteacosmetics.com.<\/p>\n<p>El usuario, al visitar y navegar por este sitio web que se rige por la legislaci\u00f3n vigente en Espa\u00f1a, acepta las condiciones aqu\u00ed descritas a continuaci\u00f3n. En caso contrario deber\u00e1 abandonar inmediatamente este sitio web.<\/p>\n<p>DUARTE Y BELTRAN, S.A. se reserva el derecho de modificar el dise\u00f1o, contenido, presentaci\u00f3n y configuraci\u00f3n de este sitio web sin previo aviso, as\u00ed como cambiar las condiciones para el acceso al mismo.<\/p>\n<p>La direcci\u00f3n de nuestra web es: http:\/\/inteacosmetics.com.<\/p>\n<p><strong>\u00bfDe d\u00f3nde obtenemos tus datos?<\/strong><\/p>\n<p>Obtenemos tus datos cuando nos los facilitas al darte de alta como cliente.<\/p>\n<p><strong>\u00bfQu\u00e9 datos personales recogemos y por qu\u00e9 los recogemos?<\/strong><\/p>\n<p>En DUARTE Y BELTRAN, S.A utilizamos tus datos personales, bajo nuestro inter\u00e9s leg\u00edtimo, para la prestaci\u00f3n de los servicios de alta de ficha de cliente y contacto.<\/p>\n<p><strong>Comentarios<\/strong><\/p>\n<p>Cuando los visitantes dejan comentarios en la web, recopilamos los datos que se muestran en el formulario de comentarios, as\u00ed como la direcci\u00f3n IP del visitante y la cadena de agentes de usuario del navegador para ayudar a la detecci\u00f3n de spam.<\/p>\n<p>Una cadena an\u00f3nima creada a partir de tu direcci\u00f3n de correo electr\u00f3nico (tambi\u00e9n llamada hash) puede ser proporcionada al servicio de Gravatar para ver si la est\u00e1s usando. La pol\u00edtica de privacidad del servicio Gravatar est\u00e1 disponible aqu\u00ed: https:\/\/automattic.com\/privacy\/. Despu\u00e9s de la aprobaci\u00f3n de tu comentario, la imagen de tu perfil es visible para el p\u00fablico en el contexto de su comentario.<\/p>\n<p><strong>Medios<\/strong><\/p>\n<p>Si subes im\u00e1genes a la web deber\u00edas evitar subir im\u00e1genes con datos de ubicaci\u00f3n (GPS EXIF) incluidos. Los visitantes de la web pueden descargar y extraer cualquier dato de localizaci\u00f3n de las im\u00e1genes de la web.<\/p>\n<p><strong>\u00bfCu\u00e1les son tus derechos y c\u00f3mo puedes ejercitarlos?<\/strong><\/p>\n<p>Podr\u00e1s acceder, rectificar, suprimir y oponerte a determinados tratamientos, as\u00ed como ejercer tu derecho a la limitaci\u00f3n del tratamiento, a la portabilidad y a no ser objeto de una decisi\u00f3n individual basada \u00fanicamente en un tratamiento automatizado.\u2028\u2028Del mismo modo, podr\u00e1s retirar tu consentimiento para el tratamiento de tus datos personales en cualquier momento.\u2028\u2028Podr\u00e1s oponerte en cualquier momento a recibir publicidad sobre nuestros productos\/servicios, para ello puedes contestar a este correo electr\u00f3nico dubesa@inteacosmetics.com enviando la palabra \u201cBAJA\u201d en el apartado asunto.<\/p>\n<p><strong>Formularios de contacto\u2028<\/strong><\/p>\n<p>De conformidad con lo dispuesto en la Ley de Protecci\u00f3n de Datos de Car\u00e1cter Personal, DUARTE Y BELTRAN, S.A. informa al usuario, que los datos de car\u00e1cter personal que nos ha proporcionado mediante la cumplimentaci\u00f3n del presente formulario, ser\u00e1n utilizados para atender sus solicitudes de informaci\u00f3n y\/o compra como usuario, as\u00ed como informarle sobre nuestros productos y servicios.<\/p>\n<p>Los datos solicitados al usuario en los formularios del sitio web tendr\u00e1n car\u00e1cter obligatorio salvo que se indique lo contrario en el formulario correspondiente. En el caso de que el usuario no facilite los datos solicitados con car\u00e1cter obligatorio el website DUARTE Y BELTRAN, S.A. no podr\u00e1 tramitar el formulario del que se trate.<\/p>\n<p>Los datos personales objeto de tratamiento ser\u00e1n conservados durante todo el proceso de compra\/petici\u00f3n\/solicitud o en su defecto durante los periodos establecidos en la legislaci\u00f3n vigente, procediendo a ser cancelados cuando hayan dejado de ser necesarios o pertinentes para la finalidad para la cual hubieran sido recabados o registrados. A este respecto precisa que la cancelaci\u00f3n no implica la eliminaci\u00f3n de los datos, sino que cabe su bloqueo. Mientras que los datos est\u00e9n bloqueados se impedir\u00e1 su tratamiento y se conservar\u00e1n \u00fanicamente a disposici\u00f3n de las Administraciones P\u00fablicas, Jueces y Tribunales para la atenci\u00f3n de las posibles responsabilidades nacidas del tratamiento, en tanto transcurran los plazos de prescripci\u00f3n de las responsabilidades.<\/p>\n<p>DUARTE Y BELTRAN, S.A., se compromete, en la utilizaci\u00f3n de los datos incluidos en el fichero, a respetar su confidencialidad y a utilizarlos de acuerdo con la finalidad del fichero, as\u00ed como a dar cumplimiento a su obligaci\u00f3n de guardarlos y adoptar todas las medidas pertinentes para evitar la alteraci\u00f3n, p\u00e9rdida, tratamiento o acceso no autorizado, de acuerdo con lo establecido en la normativa en materia de Protecci\u00f3n de Datos de Car\u00e1cter Personal.<\/p>\n<p>En caso de que en la solicitud deban incluirse datos de car\u00e1cter personal, referentes a personas f\u00edsicas distintas de la que la efect\u00faa, el usuario deber\u00e1, con car\u00e1cter previo a su inclusi\u00f3n, informarles del contenido de la presente cl\u00e1usula, de acuerdo con lo establecido en la Ley de Protecci\u00f3n de Datos.<\/p>\n<p>El interesado o su representante legal, podr\u00e1n ejercitar los derechos de acceso, rectificaci\u00f3n, cancelaci\u00f3n, oposici\u00f3n, limitaci\u00f3n y\/o portabilidad de sus datos personales en cualquier momento, mediante escrito, acompa\u00f1ado de copia de documento oficial que le identifique y, en su caso, de la persona que lo represente, dirigido a DUARTE Y BELTRAN, S.A. El interesado podr\u00e1 presentar reclamaci\u00f3n ante la Agencia Espa\u00f1ola de Protecci\u00f3n de Datos cuando estime que sus derechos o el tratamiento de sus datos no han sido atendidos o acordes a la legislaci\u00f3n vigente en materia de protecci\u00f3n de datos de car\u00e1cter personal.<\/p>\n<p>Los datos que se le solicitan resultan necesarios, de manera que de no facilitarlos no ser\u00e1 posible la prestaci\u00f3n del servicio requerido, en este sentido, mediante la indicaci\u00f3n de sus datos y la aceptaci\u00f3n de las presentes condiciones legales, entenderemos otorgado su consentimiento.<\/p>\n<p>El interesado podr\u00e1 retirar el consentimiento de los tratamientos anteriormente descritos en cualquier momento, dirigi\u00e9ndose por escrito al responsable del fichero en los t\u00e9rminos descritos en el presente documento para el ejercicio de derechos.<\/p>\n<p><strong>Consentimiento para la utilizaci\u00f3n de medios electr\u00f3nicos en la comunicaci\u00f3n con los clientes y usuarios:<\/strong><\/p>\n<ul>\n<li>En el caso de que autorice su suscripci\u00f3n a la Newsletter, DUARTE Y BELTRAN, S.A le proporcionar\u00e1 informaci\u00f3n acerca de nuestros productos y servicios, as\u00ed como de otras marcas y\/o empresas del Grupo, incluyendo, en relaci\u00f3n con dichos productos y servicios, el env\u00edo de comunicaciones comerciales por correo electr\u00f3nico o por cualquier otro medio de comunicaci\u00f3n electr\u00f3nica equivalente (como SMS, notificaciones push a trav\u00e9s de la App, etc.), as\u00ed como a trav\u00e9s de la realizaci\u00f3n de llamadas telef\u00f3nicas, umts o correo postal. La subscripci\u00f3n a la Newsletter de DUARTE Y BELTRAN, S.A. puede conllevar el uso de sus Datos Personales para poner a su disposici\u00f3n publicidad personalizada, relacionada con nuestros productos y servicios a trav\u00e9s de correo postal, emails, SMS, umts, notificaciones push de la App u otros medios electr\u00f3nicos propios o de terceros colaboradores. Los Datos Personales relativos a sus compras en nuestra tienda online, gustos y preferencias pueden ser utilizados con fines de an\u00e1lisis, generaci\u00f3n de perfiles de uso, estudios de marketing, encuestas de calidad y mejora de la interacci\u00f3n con nuestros clientes. Asimismo, podr\u00e1 dar de baja su suscripci\u00f3n Newsletter en cualquier momento, dirigi\u00e9ndose por escrito a la direcci\u00f3n DUARTE Y BELTRAN, S.A. mencionada con anterioridad o bien mediante email dirigido a <a href=\"mailto:dubesa@inteacosmetics.com?subject=BAJA%20NEWSLETTER\">dubesa@inteacosmetics.com<\/a> con el Asunto \u201cBAJA NEWSLETTER\u201d.<\/li>\n<li>En cumplimiento de la Ley 34\/2002, de 11 de julio, de servicios de la sociedad de informaci\u00f3n y comercio electr\u00f3nico, y la Ley 9\/2014, de 9 de mayo, General de Telecomunicaciones, las partes intervinientes autorizan expresamente al responsable del fichero para el uso de sus datos con la finalidad de emisi\u00f3n de notificaciones derivadas de la relaci\u00f3n contractual existente entre ambos y que podr\u00e1n ser realizadas por tel\u00e9fono, carta, fax, sms, umts, correo electr\u00f3nico u otro medio de comunicaci\u00f3n equivalente.<\/li>\n<\/ul>\n<p><strong>No deseo recibir notificaciones por parte de DUARTE Y BELTRAN, S.A. de empresas del Grupo o del Sector.<\/strong><\/p>\n<ul>\n<li>Mediante la aceptaci\u00f3n de estas condiciones, el Usuario consiente expresamente la cesi\u00f3n o comunicaci\u00f3n de los datos: nombre, apellidos, direcci\u00f3n, tel\u00e9fono, e-mail, etc, incluidos en el fichero anteriormente referido, a entidades pertenecientes a DUARTE Y BELTRAN, S.A., o que mantengan relaci\u00f3n con la misma, con la finalidad de que estas compa\u00f1\u00edas puedan tratar sus datos de car\u00e1cter personal para hacerle llegar informaci\u00f3n, ofertas y mensajes publicitarios por cualquier sistema, referente a los productos y servicios que cada una de estas compa\u00f1\u00edas ofrecen en el sector en el que opera.<\/li>\n<\/ul>\n<p><strong>No deseo que mis datos sean cedidos y recibir comunicaciones comerciales y publicitarias de empresas del Grupo o del Sector.<\/strong><strong>\u00a0<\/strong><\/p>\n<p>El interesado podr\u00e1 retirar el consentimiento de los tratamientos anteriormente descritos en cualquier momento, dirigi\u00e9ndose por escrito al responsable del fichero en los t\u00e9rminos descritos en el presente documento para el ejercicio de derechos.<\/p>\n<p>Si Vd. no desea que sus datos se utilicen para alguno de los tratamientos mencionados en los puntos anteriores, rogamos nos lo haga saber mediante la marcaci\u00f3n de las casillas correspondientes.<\/p>\n<p><strong>Cookies\u2028<\/strong><\/p>\n<p>Si dejas un comentario en nuestro sitio puedes elegir guardar tu nombre, direcci\u00f3n de correo electr\u00f3nico y web en cookies. Esto es para tu comodidad, para que no tengas que volver a rellenar tus datos cuando dejes otro comentario. Estas cookies tendr\u00e1n una duraci\u00f3n de un a\u00f1o.<\/p>\n<p>Si tienes una cuenta y te conectas a este sitio, instalaremos una cookie temporal para determinar si tu navegador acepta cookies. Esta cookie no contiene datos personales y se elimina al cerrar el navegador.<\/p>\n<p>Cuando inicias sesi\u00f3n, tambi\u00e9n instalaremos varias cookies para guardar tu informaci\u00f3n de inicio de sesi\u00f3n y tus opciones de visualizaci\u00f3n de pantalla. Las cookies de inicio de sesi\u00f3n duran dos d\u00edas, y las cookies de opciones de pantalla duran un a\u00f1o. Si seleccionas \u00abRecordarme\u00bb, tu inicio de sesi\u00f3n perdurar\u00e1 durante dos semanas. Si sales de tu cuenta, las cookies de inicio de sesi\u00f3n se eliminar\u00e1n.<br \/>\nSi editas o publicas un art\u00edculo se guardar\u00e1 una cookie adicional en tu navegador. Esta cookie no incluye datos personales y simplemente indica el ID del art\u00edculo que acabas de editar. Caduca despu\u00e9s de 1 d\u00eda.<\/p>\n<p><strong>Contenido incrustado de otros sitios web\u2028<\/strong><\/p>\n<p>Los art\u00edculos de este sitio pueden incluir contenido incrustado (por ejemplo, v\u00eddeos, im\u00e1genes, art\u00edculos, etc.). El contenido incrustado de otras web se comporta exactamente de la misma manera que si el visitante hubiera visitado la otra web.<\/p>\n<p>Estas web pueden recopilar datos sobre ti, utilizar cookies, incrustar un seguimiento adicional de terceros, y supervisar tu interacci\u00f3n con ese contenido incrustado, incluido el seguimiento de su interacci\u00f3n con el contenido incrustado si tienes una cuenta y est\u00e1s conectado a esa web.<\/p>\n<p><strong>Anal\u00edtica<\/strong><\/p>\n<p><strong>\u2028Con qui\u00e9n compartimos tus datos\u2028<\/strong><\/p>\n<p>Tenemos una serie de obligaciones legales que debemos cumplir respecto de tus datos. Entre ellas, debemos facilitar estos datos cuando nos los soliciten las autoridades tributarias.\u2028\u2028Adem\u00e1s, podremos facilitar tus datos con finalidades comerciales y a aquellas entidades o empresas que presten aquellos servicios\/productos que solicites.<\/p>\n<p><strong>\u00bfCu\u00e1nto tiempo conservamos tus datos?<\/strong><\/p>\n<p>Si dejas un comentario, el comentario y sus metadatos se conservan indefinidamente. Esto es para que podamos reconocer y aprobar comentarios sucesivos autom\u00e1ticamente en lugar de mantenerlos en una cola de moderaci\u00f3n.<\/p>\n<p>De los usuarios que se registran en nuestra web (si los hay), tambi\u00e9n almacenamos la informaci\u00f3n personal que proporcionan en su perfil de usuario. Todos los usuarios pueden ver, editar o eliminar su informaci\u00f3n personal en cualquier momento (excepto que no pueden cambiar su nombre de usuario). Los administradores de la web tambi\u00e9n pueden ver y editar esa informaci\u00f3n.<\/p>\n<p>DUARTE Y BELTRAN, S.A conservar\u00e1 tu informaci\u00f3n mientras seas cliente, bloqueando los datos cuando dejes de serlo y borr\u00e1ndolos toda vez que hayan prescrito posibles acciones judiciales y extrajudiciales que pudieran generarse.\u2028\u2028 DUARTE Y BELTRAN, S.A tambi\u00e9n deber\u00e1 conservar determinada informaci\u00f3n en base a requerimientos legales.\u2028\u2028Puedes acceder a m\u00e1s informaci\u00f3n acerca de la Pol\u00edtica de Protecci\u00f3n de Datos en el siguiente enlace: http:\/\/inteacosmetics.com\/es\/politica-de-privacidad\/<\/p>\n<p><strong>\u00bfQu\u00e9 derechos tienes sobre tus datos\u2028?<\/strong><\/p>\n<p>Si tienes una cuenta o has dejado comentarios en esta web, puedes solicitar recibir un archivo de exportaci\u00f3n de los datos personales que tenemos sobre ti, incluyendo cualquier dato que nos hayas proporcionado. Tambi\u00e9n puedes solicitar que eliminemos cualquier dato personal que tengamos sobre ti. Esto no incluye ning\u00fan dato que estemos obligados a conservar con fines administrativos, legales o de seguridad.<\/p>\n<p><strong>\u00bfD\u00f3nde enviamos tus datos?<\/strong><\/p>\n<p>Los comentarios de los visitantes puede que los revise un servicio de detecci\u00f3n autom\u00e1tica de spam.<\/p>\n<p><strong>Informaci\u00f3n de contacto<\/strong><\/p>\n<p>DUARTE Y BELTRAN, S.A, con CIF A-39016589 y domicilio social en c\/ La prensa, n\u00ba 1, 39012 Santander.<br \/>\nE-mail:dubesa@inteacosmetics.com<\/p>\n","protected":false},"excerpt":{"rendered":"<p>Protecci\u00f3n de datos\u2028\u2028 En DUARTE Y BELTRAN, S.A creemos y defendemos que tu privacidad es algo muy importante y que s\u00f3lo t\u00fa debes poder decidir qu\u00e9 uso se hace de tu informaci\u00f3n. Por eso, nos hemos adecuado a la normativa europea de Protecci\u00f3n de Datos personales y ponemos a tu disposici\u00f3n todo lo que necesitas&#8230;<\/p>\n","protected":false},"author":2,"featured_media":0,"parent":0,"menu_order":0,"comment_status":"closed","ping_status":"closed","template":"","meta":{"_monsterinsights_skip_tracking":false,"_monsterinsights_sitenote_active":false,"_monsterinsights_sitenote_note":"","_monsterinsights_sitenote_category":0,"_uf_show_specific_survey":0,"_uf_disable_surveys":false,"footnotes":""},"class_list":["post-1026","page","type-page","status-publish","hentry"],"aioseo_notices":[],"_links":{"self":[{"href":"https:\/\/www.inteacosmetics.com\/es\/wp-json\/wp\/v2\/pages\/1026","targetHints":{"allow":["GET"]}}],"collection":[{"href":"https:\/\/www.inteacosmetics.com\/es\/wp-json\/wp\/v2\/pages"}],"about":[{"href":"https:\/\/www.inteacosmetics.com\/es\/wp-json\/wp\/v2\/types\/page"}],"author":[{"embeddable":true,"href":"https:\/\/www.inteacosmetics.com\/es\/wp-json\/wp\/v2\/users\/2"}],"replies":[{"embeddable":true,"href":"https:\/\/www.inteacosmetics.com\/es\/wp-json\/wp\/v2\/comments?post=1026"}],"version-history":[{"count":7,"href":"https:\/\/www.inteacosmetics.com\/es\/wp-json\/wp\/v2\/pages\/1026\/revisions"}],"predecessor-version":[{"id":1187,"href":"https:\/\/www.inteacosmetics.com\/es\/wp-json\/wp\/v2\/pages\/1026\/revisions\/1187"}],"wp:attachment":[{"href":"https:\/\/www.inteacosmetics.com\/es\/wp-json\/wp\/v2\/media?parent=1026"}],"curies":[{"name":"wp","href":"https:\/\/api.w.org\/{rel}","templated":true}]}}